{"id":19203,"date":"2025-12-18T13:41:59","date_gmt":"2025-12-18T11:41:59","guid":{"rendered":"https:\/\/military-classic-auction.com\/?post_type=product&#038;p=19203"},"modified":"2025-12-21T08:33:18","modified_gmt":"2025-12-21T06:33:18","slug":"camion-opel-blitz-wehrmacht","status":"publish","type":"product","link":"https:\/\/military-classic-auction.com\/en\/product\/camion-opel-blitz-wehrmacht\/","title":{"rendered":"Camion Opel Blitz &#8211; Wehrmacht"},"content":{"rendered":"<p>Camion Opel Blitz &#8211; Wehrmacht<br \/>\nFabrication : Victoria &#8211; Made in Macau.<br \/>\n\u00c9chelle : 1\/43<br \/>\nType : R019 Opel Blitz Troop Carrier<br \/>\nEn plastique &#038; m\u00e9tal.<br \/>\nDans sa boite d&rsquo;origine.<br \/>\n(En l&rsquo;\u00e9tat, traces d&rsquo;usures, Benne d\u00e9solidaris\u00e9e)<br \/>\n&#8211;<br \/>\n\u00ab\u00a0Opel Blitz Truck &#8211; Wehrmacht<br \/>\nManufactured by Victoria &#8211; Made in Macau.<br \/>\nScale: 1\/43<br \/>\nType: R019 Opel Blitz Troop Carrier<br \/>\nMade of plastic and metal.<br \/>\nIn its original box.<br \/>\n(As is, with signs of wear, the dump bed is detached)\u00a0\u00bb<\/p>","protected":false},"excerpt":{"rendered":"<p>Camion Opel Blitz &#8211; Wehrmacht Fabrication : Victoria &#8211; Made in Macau. \u00c9chelle : 1\/43 Type : R019 Opel Blitz Troop Carrier En plastique &#038; m\u00e9tal. Dans sa boite d&rsquo;origine. (En l&rsquo;\u00e9tat, traces d&rsquo;usures, Benne d\u00e9solidaris\u00e9e) &#8211; \u00ab\u00a0Opel Blitz Truck &#8211; Wehrmacht Manufactured by Victoria &#8211; Made in Macau. Scale: 1\/43 Type: R019 Opel Blitz<a class=\"more-link\" href=\"https:\/\/military-classic-auction.com\/en\/product\/camion-opel-blitz-wehrmacht\/\">Read more  &#10230;<\/a><\/p>","protected":false},"featured_media":18950,"template":"","meta":[],"product_brand":[],"product_cat":[85],"product_tag":[],"class_list":{"0":"post-19203","1":"product","2":"type-product","3":"status-publish","4":"has-post-thumbnail","6":"product_cat-the-vintage-military-toys","8":"first","9":"instock","10":"sold-individually","11":"purchasable","12":"product-type-auction"},"aioseo_notices":[],"_links":{"self":[{"href":"https:\/\/military-classic-auction.com\/en\/wp-json\/wp\/v2\/product\/19203","targetHints":{"allow":["GET"]}}],"collection":[{"href":"https:\/\/military-classic-auction.com\/en\/wp-json\/wp\/v2\/product"}],"about":[{"href":"https:\/\/military-classic-auction.com\/en\/wp-json\/wp\/v2\/types\/product"}],"wp:featuredmedia":[{"embeddable":true,"href":"https:\/\/military-classic-auction.com\/en\/wp-json\/wp\/v2\/media\/18950"}],"wp:attachment":[{"href":"https:\/\/military-classic-auction.com\/en\/wp-json\/wp\/v2\/media?parent=19203"}],"wp:term":[{"taxonomy":"product_brand","embeddable":true,"href":"https:\/\/military-classic-auction.com\/en\/wp-json\/wp\/v2\/product_brand?post=19203"},{"taxonomy":"product_cat","embeddable":true,"href":"https:\/\/military-classic-auction.com\/en\/wp-json\/wp\/v2\/product_cat?post=19203"},{"taxonomy":"product_tag","embeddable":true,"href":"https:\/\/military-classic-auction.com\/en\/wp-json\/wp\/v2\/product_tag?post=19203"}],"curies":[{"name":"wp","href":"https:\/\/api.w.org\/{rel}","templated":true}]}}