{"id":19202,"date":"2025-12-18T13:41:57","date_gmt":"2025-12-18T11:41:57","guid":{"rendered":"https:\/\/military-classic-auction.com\/?post_type=product&#038;p=19202"},"modified":"2025-12-18T13:41:58","modified_gmt":"2025-12-18T11:41:58","slug":"trois-jeep-ford-gpa-us-army","status":"publish","type":"product","link":"https:\/\/military-classic-auction.com\/en\/product\/trois-jeep-ford-gpa-us-army\/","title":{"rendered":"Trois Jeep Ford GPA &#8211; US Army"},"content":{"rendered":"<p>Trois Jeep Ford GPA &#8211; US Army<br \/>\nFabrication : Victoria &#8211; Made in Macau.<br \/>\n\u00c9chelle : 1\/43<br \/>\nMod\u00e8les : D-DAY 1944 ; British Army &#038; Camouflage.<br \/>\nEn m\u00e9tal &#038; plastique.<br \/>\nDans leur boite d&rsquo;origine.<br \/>\nEn l&rsquo;\u00e9tat, traces d&rsquo;usures.<br \/>\n&#8211;<br \/>\n\u00ab\u00a0Three Ford Jeep GPAs &#8211; US Army<br \/>\nManufactured in Victoria, Macau.<br \/>\nScale: 1\/43<br \/>\nModels: D-Day 1944; British Army &#038; Camouflage.<br \/>\nMade of metal and plastic.<br \/>\nIn their original boxes.<br \/>\nAs is, with signs of wear.\u00a0\u00bb<\/p>","protected":false},"excerpt":{"rendered":"<p>Trois Jeep Ford GPA &#8211; US Army Fabrication : Victoria &#8211; Made in Macau. \u00c9chelle : 1\/43 Mod\u00e8les : D-DAY 1944 ; British Army &#038; Camouflage. En m\u00e9tal &#038; plastique. Dans leur boite d&rsquo;origine. En l&rsquo;\u00e9tat, traces d&rsquo;usures. &#8211; \u00ab\u00a0Three Ford Jeep GPAs &#8211; US Army Manufactured in Victoria, Macau. Scale: 1\/43 Models: D-Day 1944;<a class=\"more-link\" href=\"https:\/\/military-classic-auction.com\/en\/product\/trois-jeep-ford-gpa-us-army\/\">Read more  &#10230;<\/a><\/p>","protected":false},"featured_media":18946,"template":"","meta":[],"product_brand":[],"product_cat":[85],"product_tag":[],"class_list":{"0":"post-19202","1":"product","2":"type-product","3":"status-publish","4":"has-post-thumbnail","6":"product_cat-the-vintage-military-toys","8":"first","9":"instock","10":"sold-individually","11":"purchasable","12":"product-type-auction"},"aioseo_notices":[],"_links":{"self":[{"href":"https:\/\/military-classic-auction.com\/en\/wp-json\/wp\/v2\/product\/19202","targetHints":{"allow":["GET"]}}],"collection":[{"href":"https:\/\/military-classic-auction.com\/en\/wp-json\/wp\/v2\/product"}],"about":[{"href":"https:\/\/military-classic-auction.com\/en\/wp-json\/wp\/v2\/types\/product"}],"wp:featuredmedia":[{"embeddable":true,"href":"https:\/\/military-classic-auction.com\/en\/wp-json\/wp\/v2\/media\/18946"}],"wp:attachment":[{"href":"https:\/\/military-classic-auction.com\/en\/wp-json\/wp\/v2\/media?parent=19202"}],"wp:term":[{"taxonomy":"product_brand","embeddable":true,"href":"https:\/\/military-classic-auction.com\/en\/wp-json\/wp\/v2\/product_brand?post=19202"},{"taxonomy":"product_cat","embeddable":true,"href":"https:\/\/military-classic-auction.com\/en\/wp-json\/wp\/v2\/product_cat?post=19202"},{"taxonomy":"product_tag","embeddable":true,"href":"https:\/\/military-classic-auction.com\/en\/wp-json\/wp\/v2\/product_tag?post=19202"}],"curies":[{"name":"wp","href":"https:\/\/api.w.org\/{rel}","templated":true}]}}