{"id":17952,"date":"2025-11-03T22:11:00","date_gmt":"2025-11-03T20:11:00","guid":{"rendered":"https:\/\/military-classic-auction.com\/?post_type=product&#038;p=17952"},"modified":"2025-11-03T22:11:00","modified_gmt":"2025-11-03T20:11:00","slug":"gmc-cckw353-dump","status":"publish","type":"product","link":"https:\/\/military-classic-auction.com\/en\/product\/gmc-cckw353-dump\/","title":{"rendered":"GMC Cckw353 DUMP"},"content":{"rendered":"<p>\u00ab Fall Collection \u00bb<\/p>\n<p>Rendez-vous les 22 &amp; 23 Novembre au Military Classic Center pour notre exceptionnelle vente d\u2019automne.<\/p>\n<p>Une s\u00e9lection de collections rares, automobiles et motos, \u00a0militaria et m\u00e9morabilia \u00e0 d\u00e9couvrir prochainement.<\/p>\n<p><em>Join us on November 22 and 23 at the Military Classic Center for our exceptional fall sale.<\/em><\/p>\n<p><em>A selection of rare collections, automobiles and motorcycles, militaria, and memorabilia will be available for viewing soon.<\/em><\/p>","protected":false},"excerpt":{"rendered":"<p>\u00ab Fall Collection \u00bb Rendez-vous les 22 &amp; 23 Novembre au Military Classic Center pour notre exceptionnelle vente d\u2019automne. Une s\u00e9lection de collections rares, automobiles et motos, \u00a0militaria et m\u00e9morabilia \u00e0 d\u00e9couvrir prochainement. Join us on November 22 and 23 at the Military Classic Center for our exceptional fall sale. A selection of rare collections,<a class=\"more-link\" href=\"https:\/\/military-classic-auction.com\/en\/product\/gmc-cckw353-dump\/\">Read more  &#10230;<\/a><\/p>","protected":false},"featured_media":17953,"template":"","meta":[],"product_brand":[],"product_cat":[69],"product_tag":[],"class_list":{"0":"post-17952","1":"product","2":"type-product","3":"status-publish","4":"has-post-thumbnail","6":"product_cat-automne-fall-2025","8":"first","9":"instock","10":"sold-individually","11":"taxable","12":"shipping-taxable","13":"product-type-simple"},"aioseo_notices":[],"_links":{"self":[{"href":"https:\/\/military-classic-auction.com\/en\/wp-json\/wp\/v2\/product\/17952","targetHints":{"allow":["GET"]}}],"collection":[{"href":"https:\/\/military-classic-auction.com\/en\/wp-json\/wp\/v2\/product"}],"about":[{"href":"https:\/\/military-classic-auction.com\/en\/wp-json\/wp\/v2\/types\/product"}],"wp:featuredmedia":[{"embeddable":true,"href":"https:\/\/military-classic-auction.com\/en\/wp-json\/wp\/v2\/media\/17953"}],"wp:attachment":[{"href":"https:\/\/military-classic-auction.com\/en\/wp-json\/wp\/v2\/media?parent=17952"}],"wp:term":[{"taxonomy":"product_brand","embeddable":true,"href":"https:\/\/military-classic-auction.com\/en\/wp-json\/wp\/v2\/product_brand?post=17952"},{"taxonomy":"product_cat","embeddable":true,"href":"https:\/\/military-classic-auction.com\/en\/wp-json\/wp\/v2\/product_cat?post=17952"},{"taxonomy":"product_tag","embeddable":true,"href":"https:\/\/military-classic-auction.com\/en\/wp-json\/wp\/v2\/product_tag?post=17952"}],"curies":[{"name":"wp","href":"https:\/\/api.w.org\/{rel}","templated":true}]}}