{"id":17735,"date":"2025-05-07T11:33:53","date_gmt":"2025-05-07T09:33:53","guid":{"rendered":"https:\/\/military-classic-auction.com\/?post_type=product&#038;p=17735"},"modified":"2025-05-07T11:33:54","modified_gmt":"2025-05-07T09:33:54","slug":"rare-ensemble-de-general-de-la-wehrmacht","status":"publish","type":"product","link":"https:\/\/military-classic-auction.com\/en\/product\/rare-ensemble-de-general-de-la-wehrmacht\/","title":{"rendered":"Rare ensemble de G\u00e9n\u00e9ral de la Wehrmacht"},"content":{"rendered":"<p>Une s\u00e9lection exceptionnelle de collections des Arm\u00e9es alli\u00e9es et Forces de l\u2019Axe. Militaria, pi\u00e8ces historiques et Memorabilia, accessoires, \u00e9quipements\u2026Automobiles et Motos.<\/p>\n<p><em>An exceptional selection of Allied and Axis Forces collections.\u00a0<\/em><em>Militaria, historical and memorabilia items, accessories, equipment\u2026 Classic cars and Motorcycles.<\/em><\/p>","protected":false},"excerpt":{"rendered":"<p>Une s\u00e9lection exceptionnelle de collections des Arm\u00e9es alli\u00e9es et Forces de l\u2019Axe. Militaria, pi\u00e8ces historiques et Memorabilia, accessoires, \u00e9quipements\u2026Automobiles et Motos. An exceptional selection of Allied and Axis Forces collections.\u00a0Militaria, historical and memorabilia items, accessories, equipment\u2026 Classic cars and Motorcycles.<\/p>","protected":false},"featured_media":17736,"template":"","meta":[],"product_brand":[],"product_cat":[82],"product_tag":[],"class_list":{"0":"post-17735","1":"product","2":"type-product","3":"status-publish","4":"has-post-thumbnail","6":"product_cat-la-bataille-de-normandy","8":"first","9":"instock","10":"sold-individually","11":"taxable","12":"shipping-taxable","13":"product-type-simple"},"aioseo_notices":[],"_links":{"self":[{"href":"https:\/\/military-classic-auction.com\/en\/wp-json\/wp\/v2\/product\/17735","targetHints":{"allow":["GET"]}}],"collection":[{"href":"https:\/\/military-classic-auction.com\/en\/wp-json\/wp\/v2\/product"}],"about":[{"href":"https:\/\/military-classic-auction.com\/en\/wp-json\/wp\/v2\/types\/product"}],"wp:featuredmedia":[{"embeddable":true,"href":"https:\/\/military-classic-auction.com\/en\/wp-json\/wp\/v2\/media\/17736"}],"wp:attachment":[{"href":"https:\/\/military-classic-auction.com\/en\/wp-json\/wp\/v2\/media?parent=17735"}],"wp:term":[{"taxonomy":"product_brand","embeddable":true,"href":"https:\/\/military-classic-auction.com\/en\/wp-json\/wp\/v2\/product_brand?post=17735"},{"taxonomy":"product_cat","embeddable":true,"href":"https:\/\/military-classic-auction.com\/en\/wp-json\/wp\/v2\/product_cat?post=17735"},{"taxonomy":"product_tag","embeddable":true,"href":"https:\/\/military-classic-auction.com\/en\/wp-json\/wp\/v2\/product_tag?post=17735"}],"curies":[{"name":"wp","href":"https:\/\/api.w.org\/{rel}","templated":true}]}}