{"id":17723,"date":"2025-05-07T11:22:19","date_gmt":"2025-05-07T09:22:19","guid":{"rendered":"https:\/\/military-classic-auction.com\/?post_type=product&#038;p=17723"},"modified":"2025-05-07T11:22:20","modified_gmt":"2025-05-07T09:22:20","slug":"collection-des-armees-du-reich","status":"publish","type":"product","link":"https:\/\/military-classic-auction.com\/en\/product\/collection-des-armees-du-reich\/","title":{"rendered":"Collection des Arm\u00e9es du Reich"},"content":{"rendered":"<p>Importante collection d&rsquo;\u00e9quipements et accessoires, militaria, des forces Arm\u00e9e du Reich&#8230;<\/p>\n<p><em>Important collection of equipment and accessories, militaria, of the Reich Army forces&#8230;<\/em><\/p>\n<p>Une s\u00e9lection exceptionnelle de collections des Arm\u00e9es alli\u00e9es et Forces de l\u2019Axe. Militaria, pi\u00e8ces historiques et Memorabilia, accessoires, \u00e9quipements\u2026Automobiles et Motos.<\/p>\n<p><em>An exceptional selection of Allied and Axis Forces collections.\u00a0<\/em><em>Militaria, historical and memorabilia items, accessories, equipment\u2026 Classic cars and Motorcycles.<\/em><\/p>","protected":false},"excerpt":{"rendered":"<p>Importante collection d&rsquo;\u00e9quipements et accessoires, militaria, des forces Arm\u00e9e du Reich&#8230; Important collection of equipment and accessories, militaria, of the Reich Army forces&#8230; Une s\u00e9lection exceptionnelle de collections des Arm\u00e9es alli\u00e9es et Forces de l\u2019Axe. Militaria, pi\u00e8ces historiques et Memorabilia, accessoires, \u00e9quipements\u2026Automobiles et Motos. An exceptional selection of Allied and Axis Forces collections.\u00a0Militaria, historical and<a class=\"more-link\" href=\"https:\/\/military-classic-auction.com\/en\/product\/collection-des-armees-du-reich\/\">Read more  &#10230;<\/a><\/p>","protected":false},"featured_media":17724,"template":"","meta":[],"product_brand":[],"product_cat":[82],"product_tag":[],"class_list":{"0":"post-17723","1":"product","2":"type-product","3":"status-publish","4":"has-post-thumbnail","6":"product_cat-la-bataille-de-normandy","8":"first","9":"instock","10":"sold-individually","11":"taxable","12":"shipping-taxable","13":"product-type-simple"},"aioseo_notices":[],"_links":{"self":[{"href":"https:\/\/military-classic-auction.com\/en\/wp-json\/wp\/v2\/product\/17723","targetHints":{"allow":["GET"]}}],"collection":[{"href":"https:\/\/military-classic-auction.com\/en\/wp-json\/wp\/v2\/product"}],"about":[{"href":"https:\/\/military-classic-auction.com\/en\/wp-json\/wp\/v2\/types\/product"}],"wp:featuredmedia":[{"embeddable":true,"href":"https:\/\/military-classic-auction.com\/en\/wp-json\/wp\/v2\/media\/17724"}],"wp:attachment":[{"href":"https:\/\/military-classic-auction.com\/en\/wp-json\/wp\/v2\/media?parent=17723"}],"wp:term":[{"taxonomy":"product_brand","embeddable":true,"href":"https:\/\/military-classic-auction.com\/en\/wp-json\/wp\/v2\/product_brand?post=17723"},{"taxonomy":"product_cat","embeddable":true,"href":"https:\/\/military-classic-auction.com\/en\/wp-json\/wp\/v2\/product_cat?post=17723"},{"taxonomy":"product_tag","embeddable":true,"href":"https:\/\/military-classic-auction.com\/en\/wp-json\/wp\/v2\/product_tag?post=17723"}],"curies":[{"name":"wp","href":"https:\/\/api.w.org\/{rel}","templated":true}]}}