{"id":17718,"date":"2025-05-07T11:09:26","date_gmt":"2025-05-07T09:09:26","guid":{"rendered":"https:\/\/military-classic-auction.com\/?post_type=product&#038;p=17718"},"modified":"2025-05-07T11:15:04","modified_gmt":"2025-05-07T09:15:04","slug":"equipements-accessoires-us-army-neuf-dorigine","status":"publish","type":"product","link":"https:\/\/military-classic-auction.com\/en\/product\/equipements-accessoires-us-army-neuf-dorigine\/","title":{"rendered":"Equipements &#038; Accessoires US ARMY \u00ab\u00a0neuf d&rsquo;origine \/\/ Mint\u00a0\u00bb"},"content":{"rendered":"<p>Importante et exceptionnelle collection d&rsquo;\u00e9quipements et accessoires de l&rsquo;Us Army en \u00e9tat neuf de stock d&rsquo;origine&#8230;<\/p>\n<p><em>Important and exceptional collection of Us Army equipment and accessories in new condition from original stock..<\/em>.<\/p>\n<p>Une s\u00e9lection exceptionnelle de collections des Arm\u00e9es alli\u00e9es et Forces de l\u2019Axe. Militaria, pi\u00e8ces historiques et Memorabilia, accessoires, \u00e9quipements\u2026Automobiles et Motos.<\/p>\n<p><em>An exceptional selection of Allied and Axis Forces collections.\u00a0<\/em><em>Militaria, historical and memorabilia items, accessories, equipment\u2026 Classic cars and Motorcycles.<\/em><\/p>","protected":false},"excerpt":{"rendered":"<p>Importante et exceptionnelle collection d&rsquo;\u00e9quipements et accessoires de l&rsquo;Us Army en \u00e9tat neuf de stock d&rsquo;origine&#8230; Important and exceptional collection of Us Army equipment and accessories in new condition from original stock&#8230; Une s\u00e9lection exceptionnelle de collections des Arm\u00e9es alli\u00e9es et Forces de l\u2019Axe. Militaria, pi\u00e8ces historiques et Memorabilia, accessoires, \u00e9quipements\u2026Automobiles et Motos. An exceptional<a class=\"more-link\" href=\"https:\/\/military-classic-auction.com\/en\/product\/equipements-accessoires-us-army-neuf-dorigine\/\">Read more  &#10230;<\/a><\/p>","protected":false},"featured_media":17719,"template":"","meta":[],"product_brand":[],"product_cat":[82],"product_tag":[],"class_list":{"0":"post-17718","1":"product","2":"type-product","3":"status-publish","4":"has-post-thumbnail","6":"product_cat-la-bataille-de-normandy","8":"first","9":"instock","10":"sold-individually","11":"taxable","12":"shipping-taxable","13":"product-type-simple"},"aioseo_notices":[],"_links":{"self":[{"href":"https:\/\/military-classic-auction.com\/en\/wp-json\/wp\/v2\/product\/17718","targetHints":{"allow":["GET"]}}],"collection":[{"href":"https:\/\/military-classic-auction.com\/en\/wp-json\/wp\/v2\/product"}],"about":[{"href":"https:\/\/military-classic-auction.com\/en\/wp-json\/wp\/v2\/types\/product"}],"wp:featuredmedia":[{"embeddable":true,"href":"https:\/\/military-classic-auction.com\/en\/wp-json\/wp\/v2\/media\/17719"}],"wp:attachment":[{"href":"https:\/\/military-classic-auction.com\/en\/wp-json\/wp\/v2\/media?parent=17718"}],"wp:term":[{"taxonomy":"product_brand","embeddable":true,"href":"https:\/\/military-classic-auction.com\/en\/wp-json\/wp\/v2\/product_brand?post=17718"},{"taxonomy":"product_cat","embeddable":true,"href":"https:\/\/military-classic-auction.com\/en\/wp-json\/wp\/v2\/product_cat?post=17718"},{"taxonomy":"product_tag","embeddable":true,"href":"https:\/\/military-classic-auction.com\/en\/wp-json\/wp\/v2\/product_tag?post=17718"}],"curies":[{"name":"wp","href":"https:\/\/api.w.org\/{rel}","templated":true}]}}