{"id":17692,"date":"2025-04-17T09:14:33","date_gmt":"2025-04-17T07:14:33","guid":{"rendered":"https:\/\/military-classic-auction.com\/?post_type=product&#038;p=17692"},"modified":"2025-04-17T09:14:35","modified_gmt":"2025-04-17T07:14:35","slug":"militaria-equipements-afrika-korps","status":"publish","type":"product","link":"https:\/\/military-classic-auction.com\/en\/product\/militaria-equipements-afrika-korps\/","title":{"rendered":"Militaria &#038; \u00e9quipements AFRIKA KORPS"},"content":{"rendered":"<p>A d\u00e9couvrir une collection exceptionnelle sur le th\u00e8me des L.R.D.G, l\u2019illustre Long Range Desert Group\u00a0\u00bb et S.AS en Afrique. Automobiles, militaria et \u00e9quipement, de ses unit\u00e9s commandos et \u00e9galement des corps exp\u00e9ditionnaires de l\u2019Afrika Korps et de la Luftwaffe\u2026Pi\u00e8ces r\u00e9unis d\u2019un collectionneur passionn\u00e9 du c\u00e9l\u00e8bre film \u00ab\u00a0Un Taxi pour Tobrouk\u00a0\u00bb\u2026<\/p>\n<p><em>Discover an exceptional collection on the theme of the L.R.D.G, the illustrious Long Range Desert Group and S.AS in Africa. Automobiles, militaria and equipment, from its commando units and also from the expeditionary corps of the Afrika Korps and the Luftwaffe&#8230;Pieces brought together by a passionate collector of the famous film \u201cUn Taxi pour Tobrouk\u201d&#8230;<\/em><\/p>","protected":false},"excerpt":{"rendered":"<p>A d\u00e9couvrir une collection exceptionnelle sur le th\u00e8me des L.R.D.G, l\u2019illustre Long Range Desert Group\u00a0\u00bb et S.AS en Afrique. Automobiles, militaria et \u00e9quipement, de ses unit\u00e9s commandos et \u00e9galement des corps exp\u00e9ditionnaires de l\u2019Afrika Korps et de la Luftwaffe\u2026Pi\u00e8ces r\u00e9unis d\u2019un collectionneur passionn\u00e9 du c\u00e9l\u00e8bre film \u00ab\u00a0Un Taxi pour Tobrouk\u00a0\u00bb\u2026 Discover an exceptional collection on<a class=\"more-link\" href=\"https:\/\/military-classic-auction.com\/en\/product\/militaria-equipements-afrika-korps\/\">Read more  &#10230;<\/a><\/p>","protected":false},"featured_media":17693,"template":"","meta":[],"product_brand":[],"product_cat":[81],"product_tag":[],"class_list":{"0":"post-17692","1":"product","2":"type-product","3":"status-publish","4":"has-post-thumbnail","6":"product_cat-un-taxi-pour-tobrouk","8":"first","9":"instock","10":"sold-individually","11":"taxable","12":"shipping-taxable","13":"product-type-simple"},"aioseo_notices":[],"_links":{"self":[{"href":"https:\/\/military-classic-auction.com\/en\/wp-json\/wp\/v2\/product\/17692","targetHints":{"allow":["GET"]}}],"collection":[{"href":"https:\/\/military-classic-auction.com\/en\/wp-json\/wp\/v2\/product"}],"about":[{"href":"https:\/\/military-classic-auction.com\/en\/wp-json\/wp\/v2\/types\/product"}],"wp:featuredmedia":[{"embeddable":true,"href":"https:\/\/military-classic-auction.com\/en\/wp-json\/wp\/v2\/media\/17693"}],"wp:attachment":[{"href":"https:\/\/military-classic-auction.com\/en\/wp-json\/wp\/v2\/media?parent=17692"}],"wp:term":[{"taxonomy":"product_brand","embeddable":true,"href":"https:\/\/military-classic-auction.com\/en\/wp-json\/wp\/v2\/product_brand?post=17692"},{"taxonomy":"product_cat","embeddable":true,"href":"https:\/\/military-classic-auction.com\/en\/wp-json\/wp\/v2\/product_cat?post=17692"},{"taxonomy":"product_tag","embeddable":true,"href":"https:\/\/military-classic-auction.com\/en\/wp-json\/wp\/v2\/product_tag?post=17692"}],"curies":[{"name":"wp","href":"https:\/\/api.w.org\/{rel}","templated":true}]}}