{"id":17656,"date":"2025-04-03T10:57:12","date_gmt":"2025-04-03T08:57:12","guid":{"rendered":"https:\/\/military-classic-auction.com\/?post_type=product&#038;p=17656"},"modified":"2025-04-07T15:16:35","modified_gmt":"2025-04-07T13:16:35","slug":"ehrenkreuz-der-deutschen-mutter","status":"publish","type":"product","link":"https:\/\/military-classic-auction.com\/en\/product\/ehrenkreuz-der-deutschen-mutter\/","title":{"rendered":"\u00ab\u00a0Ehrenkreuz der Deutschen Mutter\u00a0\u00bb"},"content":{"rendered":"<p>\u00ab\u00a0Ehrenkreuz der Deutschen Mutter\u00a0\u00bb<br \/>\nCarte de la croix d&rsquo;honneur de la m\u00e8re allemande de niveau II nominative<br \/>\nAnn\u00e9e 1941<br \/>\nFormat : 12 x 8 cm<br \/>\n(En l&rsquo;\u00e9tat)<br \/>\n&#8211;<br \/>\n\u00ab\u00a0Ehrenkreuz der Deutschen Mutter\u00a0\u00bb<br \/>\nCard of the Cross of Honor of the German Mother, Level II, with name<br \/>\nYear 1941<br \/>\nSize: 4.7&Prime; x 3.1&Prime;<br \/>\n(As is)<\/p>","protected":false},"excerpt":{"rendered":"<p>\u00ab\u00a0Ehrenkreuz der Deutschen Mutter\u00a0\u00bb Carte de la croix d&rsquo;honneur de la m\u00e8re allemande de niveau II nominative Ann\u00e9e 1941 Format : 12 x 8 cm (En l&rsquo;\u00e9tat) &#8211; \u00ab\u00a0Ehrenkreuz der Deutschen Mutter\u00a0\u00bb Card of the Cross of Honor of the German Mother, Level II, with name Year 1941 Size: 4.7&Prime; x 3.1&Prime; (As is)<\/p>","protected":false},"featured_media":17550,"template":"","meta":[],"product_brand":[],"product_cat":[79],"product_tag":[],"class_list":{"0":"post-17656","1":"product","2":"type-product","3":"status-publish","4":"has-post-thumbnail","6":"product_cat-livres-documents-du-reich","8":"first","9":"instock","10":"sold-individually","11":"purchasable","12":"product-type-auction"},"aioseo_notices":[],"_links":{"self":[{"href":"https:\/\/military-classic-auction.com\/en\/wp-json\/wp\/v2\/product\/17656","targetHints":{"allow":["GET"]}}],"collection":[{"href":"https:\/\/military-classic-auction.com\/en\/wp-json\/wp\/v2\/product"}],"about":[{"href":"https:\/\/military-classic-auction.com\/en\/wp-json\/wp\/v2\/types\/product"}],"wp:featuredmedia":[{"embeddable":true,"href":"https:\/\/military-classic-auction.com\/en\/wp-json\/wp\/v2\/media\/17550"}],"wp:attachment":[{"href":"https:\/\/military-classic-auction.com\/en\/wp-json\/wp\/v2\/media?parent=17656"}],"wp:term":[{"taxonomy":"product_brand","embeddable":true,"href":"https:\/\/military-classic-auction.com\/en\/wp-json\/wp\/v2\/product_brand?post=17656"},{"taxonomy":"product_cat","embeddable":true,"href":"https:\/\/military-classic-auction.com\/en\/wp-json\/wp\/v2\/product_cat?post=17656"},{"taxonomy":"product_tag","embeddable":true,"href":"https:\/\/military-classic-auction.com\/en\/wp-json\/wp\/v2\/product_tag?post=17656"}],"curies":[{"name":"wp","href":"https:\/\/api.w.org\/{rel}","templated":true}]}}