{"id":17654,"date":"2025-04-03T10:57:10","date_gmt":"2025-04-03T08:57:10","guid":{"rendered":"https:\/\/military-classic-auction.com\/?post_type=product&#038;p=17654"},"modified":"2025-04-12T09:50:58","modified_gmt":"2025-04-12T07:50:58","slug":"von-der-sop-zur-nsdap","status":"publish","type":"product","link":"https:\/\/military-classic-auction.com\/en\/product\/von-der-sop-zur-nsdap\/","title":{"rendered":"\u00ab\u00a0Von der SOP zur NSDAP\u00a0\u00bb"},"content":{"rendered":"<p>\u00ab\u00a0Von der SOP zur NSDAP\u00a0\u00bb<br \/>\nFranz H\u00f6ller<br \/>\nDocumentaire photos dans son carton d&rsquo;exp\u00e9dition d&rsquo;origine au nom du Dr.med. H. Dannehl<br \/>\nAnn\u00e9e 1939<br \/>\nFormat : 27 x 19 cm<br \/>\n116 pages<br \/>\n(En l&rsquo;\u00e9tat, usures)<br \/>\n&#8211;<br \/>\n\u00ab\u00a0From the Social Opportunities Office to the NSDAP\u00a0\u00bb<br \/>\nFranz H\u00f6ller<br \/>\nPhotographic documentary in its original shipping carton, in the name of Dr. H. Dannehl<br \/>\n1939<br \/>\nFormat: 10.6&Prime; x 7.4&Prime;<br \/>\n116 pages<br \/>\n(As is, with wear)<\/p>","protected":false},"excerpt":{"rendered":"<p>\u00ab\u00a0Von der SOP zur NSDAP\u00a0\u00bb Franz H\u00f6ller Documentaire photos dans son carton d&rsquo;exp\u00e9dition d&rsquo;origine au nom du Dr.med. H. Dannehl Ann\u00e9e 1939 Format : 27 x 19 cm 116 pages (En l&rsquo;\u00e9tat, usures) &#8211; \u00ab\u00a0From the Social Opportunities Office to the NSDAP\u00a0\u00bb Franz H\u00f6ller Photographic documentary in its original shipping carton, in the name of<a class=\"more-link\" href=\"https:\/\/military-classic-auction.com\/en\/product\/von-der-sop-zur-nsdap\/\">Read more  &#10230;<\/a><\/p>","protected":false},"featured_media":17542,"template":"","meta":[],"product_brand":[],"product_cat":[79],"product_tag":[],"class_list":{"0":"post-17654","1":"product","2":"type-product","3":"status-publish","4":"has-post-thumbnail","6":"product_cat-livres-documents-du-reich","8":"first","9":"instock","10":"sold-individually","11":"purchasable","12":"product-type-auction"},"aioseo_notices":[],"_links":{"self":[{"href":"https:\/\/military-classic-auction.com\/en\/wp-json\/wp\/v2\/product\/17654","targetHints":{"allow":["GET"]}}],"collection":[{"href":"https:\/\/military-classic-auction.com\/en\/wp-json\/wp\/v2\/product"}],"about":[{"href":"https:\/\/military-classic-auction.com\/en\/wp-json\/wp\/v2\/types\/product"}],"wp:featuredmedia":[{"embeddable":true,"href":"https:\/\/military-classic-auction.com\/en\/wp-json\/wp\/v2\/media\/17542"}],"wp:attachment":[{"href":"https:\/\/military-classic-auction.com\/en\/wp-json\/wp\/v2\/media?parent=17654"}],"wp:term":[{"taxonomy":"product_brand","embeddable":true,"href":"https:\/\/military-classic-auction.com\/en\/wp-json\/wp\/v2\/product_brand?post=17654"},{"taxonomy":"product_cat","embeddable":true,"href":"https:\/\/military-classic-auction.com\/en\/wp-json\/wp\/v2\/product_cat?post=17654"},{"taxonomy":"product_tag","embeddable":true,"href":"https:\/\/military-classic-auction.com\/en\/wp-json\/wp\/v2\/product_tag?post=17654"}],"curies":[{"name":"wp","href":"https:\/\/api.w.org\/{rel}","templated":true}]}}