{"id":17648,"date":"2025-04-03T10:57:04","date_gmt":"2025-04-03T08:57:04","guid":{"rendered":"https:\/\/military-classic-auction.com\/?post_type=product&#038;p=17648"},"modified":"2025-04-03T10:57:04","modified_gmt":"2025-04-03T08:57:04","slug":"freiwilliger-arbeitsdienst","status":"publish","type":"product","link":"https:\/\/military-classic-auction.com\/en\/product\/freiwilliger-arbeitsdienst\/","title":{"rendered":"\u00ab\u00a0Freiwilliger Arbeitsdienst\u00a0\u00bb"},"content":{"rendered":"<p>\u00ab\u00a0Freiwilliger Arbeitsdienst\u00a0\u00bb<br \/>\nCertificat nominatif de b\u00e9n\u00e9volat \u00e0 la reconstruction du pays.<br \/>\nAnn\u00e9e 1934<br \/>\nFormat : 16,5 x 10,5 cm<br \/>\n(En l&rsquo;\u00e9tat, usures)<br \/>\n&#8211;<br \/>\n\u00ab\u00a0Freiwilliger Arbeitsdienst\u00a0\u00bb<br \/>\nNominative certificate of voluntary work for the reconstruction of the country.<br \/>\nYear 1934<br \/>\nFormat: 6.5&Prime; x 4.1&Prime;<br \/>\n(As is, worn)<\/p>","protected":false},"excerpt":{"rendered":"<p>\u00ab\u00a0Freiwilliger Arbeitsdienst\u00a0\u00bb Certificat nominatif de b\u00e9n\u00e9volat \u00e0 la reconstruction du pays. Ann\u00e9e 1934 Format : 16,5 x 10,5 cm (En l&rsquo;\u00e9tat, usures) &#8211; \u00ab\u00a0Freiwilliger Arbeitsdienst\u00a0\u00bb Nominative certificate of voluntary work for the reconstruction of the country. Year 1934 Format: 6.5&Prime; x 4.1&Prime; (As is, worn)<\/p>","protected":false},"featured_media":17507,"template":"","meta":[],"product_brand":[],"product_cat":[79],"product_tag":[],"class_list":{"0":"post-17648","1":"product","2":"type-product","3":"status-publish","4":"has-post-thumbnail","6":"product_cat-livres-documents-du-reich","8":"first","9":"instock","10":"sold-individually","11":"purchasable","12":"product-type-auction"},"aioseo_notices":[],"_links":{"self":[{"href":"https:\/\/military-classic-auction.com\/en\/wp-json\/wp\/v2\/product\/17648","targetHints":{"allow":["GET"]}}],"collection":[{"href":"https:\/\/military-classic-auction.com\/en\/wp-json\/wp\/v2\/product"}],"about":[{"href":"https:\/\/military-classic-auction.com\/en\/wp-json\/wp\/v2\/types\/product"}],"wp:featuredmedia":[{"embeddable":true,"href":"https:\/\/military-classic-auction.com\/en\/wp-json\/wp\/v2\/media\/17507"}],"wp:attachment":[{"href":"https:\/\/military-classic-auction.com\/en\/wp-json\/wp\/v2\/media?parent=17648"}],"wp:term":[{"taxonomy":"product_brand","embeddable":true,"href":"https:\/\/military-classic-auction.com\/en\/wp-json\/wp\/v2\/product_brand?post=17648"},{"taxonomy":"product_cat","embeddable":true,"href":"https:\/\/military-classic-auction.com\/en\/wp-json\/wp\/v2\/product_cat?post=17648"},{"taxonomy":"product_tag","embeddable":true,"href":"https:\/\/military-classic-auction.com\/en\/wp-json\/wp\/v2\/product_tag?post=17648"}],"curies":[{"name":"wp","href":"https:\/\/api.w.org\/{rel}","templated":true}]}}