{"id":17647,"date":"2025-04-03T10:57:01","date_gmt":"2025-04-03T08:57:01","guid":{"rendered":"https:\/\/military-classic-auction.com\/?post_type=product&#038;p=17647"},"modified":"2025-04-12T08:25:59","modified_gmt":"2025-04-12T06:25:59","slug":"ernennungsurfunde","status":"publish","type":"product","link":"https:\/\/military-classic-auction.com\/en\/product\/ernennungsurfunde\/","title":{"rendered":"\u00ab\u00a0Ernennungsurfunde\u00a0\u00bb"},"content":{"rendered":"<p>\u00ab\u00a0Ernennungsurfunde\u00a0\u00bb<br \/>\nCertificat de nomination aux douanes avec plaque d&rsquo;identit\u00e9.<br \/>\nFait \u00e0 Paris le 24 septembre 1943.<br \/>\nFormat A4<br \/>\n(En l&rsquo;\u00e9tat, usures)<br \/>\n&#8211;<br \/>\n\u00ab\u00a0Ernennungsurfunde\u00a0\u00bb<br \/>\nCertificate of appointment to customs with identity plate.<br \/>\nParis, September 24, 1943.<br \/>\nA4 format<br \/>\n(As is, wear)<\/p>","protected":false},"excerpt":{"rendered":"<p>\u00ab\u00a0Ernennungsurfunde\u00a0\u00bb Certificat de nomination aux douanes avec plaque d&rsquo;identit\u00e9. Fait \u00e0 Paris le 24 septembre 1943. Format A4 (En l&rsquo;\u00e9tat, usures) &#8211; \u00ab\u00a0Ernennungsurfunde\u00a0\u00bb Certificate of appointment to customs with identity plate. Paris, September 24, 1943. A4 format (As is, wear)<\/p>","protected":false},"featured_media":17504,"template":"","meta":[],"product_brand":[],"product_cat":[79],"product_tag":[],"class_list":{"0":"post-17647","1":"product","2":"type-product","3":"status-publish","4":"has-post-thumbnail","6":"product_cat-livres-documents-du-reich","8":"first","9":"instock","10":"sold-individually","11":"purchasable","12":"product-type-auction"},"aioseo_notices":[],"_links":{"self":[{"href":"https:\/\/military-classic-auction.com\/en\/wp-json\/wp\/v2\/product\/17647","targetHints":{"allow":["GET"]}}],"collection":[{"href":"https:\/\/military-classic-auction.com\/en\/wp-json\/wp\/v2\/product"}],"about":[{"href":"https:\/\/military-classic-auction.com\/en\/wp-json\/wp\/v2\/types\/product"}],"wp:featuredmedia":[{"embeddable":true,"href":"https:\/\/military-classic-auction.com\/en\/wp-json\/wp\/v2\/media\/17504"}],"wp:attachment":[{"href":"https:\/\/military-classic-auction.com\/en\/wp-json\/wp\/v2\/media?parent=17647"}],"wp:term":[{"taxonomy":"product_brand","embeddable":true,"href":"https:\/\/military-classic-auction.com\/en\/wp-json\/wp\/v2\/product_brand?post=17647"},{"taxonomy":"product_cat","embeddable":true,"href":"https:\/\/military-classic-auction.com\/en\/wp-json\/wp\/v2\/product_cat?post=17647"},{"taxonomy":"product_tag","embeddable":true,"href":"https:\/\/military-classic-auction.com\/en\/wp-json\/wp\/v2\/product_tag?post=17647"}],"curies":[{"name":"wp","href":"https:\/\/api.w.org\/{rel}","templated":true}]}}