{"id":17646,"date":"2025-04-03T10:57:00","date_gmt":"2025-04-03T08:57:00","guid":{"rendered":"https:\/\/military-classic-auction.com\/?post_type=product&#038;p=17646"},"modified":"2025-04-12T12:01:05","modified_gmt":"2025-04-12T10:01:05","slug":"vorlaufiges-besitzzeugnis-leibstandarte-ss-adolf-hitler","status":"publish","type":"product","link":"https:\/\/military-classic-auction.com\/en\/product\/vorlaufiges-besitzzeugnis-leibstandarte-ss-adolf-hitler\/","title":{"rendered":"\u00ab\u00a0Vorl\u00e4ufiges Besitzzeugnis\u00a0\u00bb &#8211; Leibstandarte SS Adolf Hitler"},"content":{"rendered":"<p>\u00ab\u00a0Vorl\u00e4ufiges Besitzzeugnis\u00a0\u00bb &#8211; Leibstandarte SS Adolf Hitler<br \/>\nCertificat de propri\u00e9t\u00e9 temporaire de la croix allemande en or (Vorl\u00e4ufiges Besitzzeugnis Deutsches Kreuz in Gold)<br \/>\nD\u00e9livr\u00e9 le 18 mai 1943 &#038; affect\u00e9 au SS-Sturmscharf\u00fchrer Bernhardt Torsch.<br \/>\nFormat : 21 x14,5 cm<br \/>\n(En l&rsquo;\u00e9tat, usures)<br \/>\n&#8211;<br \/>\n\u00ab\u00a0Temporary certificate of ownership\u00a0\u00bb &#8211; Leibstandarte SS Adolf Hitler<br \/>\nTemporary Certificate of Ownership of the German Cross in Gold<br \/>\nD\u00e9livr\u00e9 le 18 mai 1943 &#038; affect\u00e9 au SS-Sturmscharf\u00fchrer Bernhardt Torsch.<br \/>\nFormat : 8.2&Prime; x 5.7&Prime;<br \/>\n(En l&rsquo;\u00e9tat, usures)<\/p>","protected":false},"excerpt":{"rendered":"<p>\u00ab\u00a0Vorl\u00e4ufiges Besitzzeugnis\u00a0\u00bb &#8211; Leibstandarte SS Adolf Hitler Certificat de propri\u00e9t\u00e9 temporaire de la croix allemande en or (Vorl\u00e4ufiges Besitzzeugnis Deutsches Kreuz in Gold) D\u00e9livr\u00e9 le 18 mai 1943 &#038; affect\u00e9 au SS-Sturmscharf\u00fchrer Bernhardt Torsch. Format : 21 x14,5 cm (En l&rsquo;\u00e9tat, usures) &#8211; \u00ab\u00a0Temporary certificate of ownership\u00a0\u00bb &#8211; Leibstandarte SS Adolf Hitler Temporary Certificate of<a class=\"more-link\" href=\"https:\/\/military-classic-auction.com\/en\/product\/vorlaufiges-besitzzeugnis-leibstandarte-ss-adolf-hitler\/\">Read more  &#10230;<\/a><\/p>","protected":false},"featured_media":17500,"template":"","meta":[],"product_brand":[],"product_cat":[79],"product_tag":[],"class_list":{"0":"post-17646","1":"product","2":"type-product","3":"status-publish","4":"has-post-thumbnail","6":"product_cat-livres-documents-du-reich","8":"first","9":"instock","10":"sold-individually","11":"purchasable","12":"product-type-auction"},"aioseo_notices":[],"_links":{"self":[{"href":"https:\/\/military-classic-auction.com\/en\/wp-json\/wp\/v2\/product\/17646","targetHints":{"allow":["GET"]}}],"collection":[{"href":"https:\/\/military-classic-auction.com\/en\/wp-json\/wp\/v2\/product"}],"about":[{"href":"https:\/\/military-classic-auction.com\/en\/wp-json\/wp\/v2\/types\/product"}],"wp:featuredmedia":[{"embeddable":true,"href":"https:\/\/military-classic-auction.com\/en\/wp-json\/wp\/v2\/media\/17500"}],"wp:attachment":[{"href":"https:\/\/military-classic-auction.com\/en\/wp-json\/wp\/v2\/media?parent=17646"}],"wp:term":[{"taxonomy":"product_brand","embeddable":true,"href":"https:\/\/military-classic-auction.com\/en\/wp-json\/wp\/v2\/product_brand?post=17646"},{"taxonomy":"product_cat","embeddable":true,"href":"https:\/\/military-classic-auction.com\/en\/wp-json\/wp\/v2\/product_cat?post=17646"},{"taxonomy":"product_tag","embeddable":true,"href":"https:\/\/military-classic-auction.com\/en\/wp-json\/wp\/v2\/product_tag?post=17646"}],"curies":[{"name":"wp","href":"https:\/\/api.w.org\/{rel}","templated":true}]}}