{"id":17645,"date":"2025-04-03T10:56:58","date_gmt":"2025-04-03T08:56:58","guid":{"rendered":"https:\/\/military-classic-auction.com\/?post_type=product&#038;p=17645"},"modified":"2025-04-12T11:45:49","modified_gmt":"2025-04-12T09:45:49","slug":"photo-signature-du-chancelier-du-iiie-reich-adolf-hitler","status":"publish","type":"product","link":"https:\/\/military-classic-auction.com\/en\/product\/photo-signature-du-chancelier-du-iiie-reich-adolf-hitler\/","title":{"rendered":"Photo &#038; signature du chancelier du IIIe Reich &#8211; Adolf Hitler"},"content":{"rendered":"<p>Photo &#038; signature du chancelier du IIIe Reich &#8211; Adolf Hitler<br \/>\nSignature \u00e0 l&rsquo;encre bleue dans le bas de la photo.<br \/>\nTrace de la plume au verso avec un l\u00e9ger relief.<br \/>\nSignature &#038; datation sans garantie d&rsquo;authenticit\u00e9.<br \/>\nDimension : 22cm x 14,5cm environ<br \/>\n(En l&rsquo;\u00e9tat, usures)<br \/>\n&#8211;<br \/>\nPhoto &#038; signature of the Chancellor of the Third Reich &#8211; Adolf Hitler<br \/>\nSignature in blue ink at the bottom of the photo.<br \/>\nPen mark on verso with slight relief.<br \/>\nSignature &#038; dating without guarantee of authenticity.<br \/>\nSize: 8.6&Prime; x 5.7&Prime; approx.<br \/>\n(As is, with wear)<\/p>","protected":false},"excerpt":{"rendered":"<p>Photo &#038; signature du chancelier du IIIe Reich &#8211; Adolf Hitler Signature \u00e0 l&rsquo;encre bleue dans le bas de la photo. Trace de la plume au verso avec un l\u00e9ger relief. Signature &#038; datation sans garantie d&rsquo;authenticit\u00e9. Dimension : 22cm x 14,5cm environ (En l&rsquo;\u00e9tat, usures) &#8211; Photo &#038; signature of the Chancellor of the<a class=\"more-link\" href=\"https:\/\/military-classic-auction.com\/en\/product\/photo-signature-du-chancelier-du-iiie-reich-adolf-hitler\/\">Read more  &#10230;<\/a><\/p>","protected":false},"featured_media":17496,"template":"","meta":[],"product_brand":[],"product_cat":[79],"product_tag":[],"class_list":{"0":"post-17645","1":"product","2":"type-product","3":"status-publish","4":"has-post-thumbnail","6":"product_cat-livres-documents-du-reich","8":"first","9":"instock","10":"sold-individually","11":"purchasable","12":"product-type-auction"},"aioseo_notices":[],"_links":{"self":[{"href":"https:\/\/military-classic-auction.com\/en\/wp-json\/wp\/v2\/product\/17645","targetHints":{"allow":["GET"]}}],"collection":[{"href":"https:\/\/military-classic-auction.com\/en\/wp-json\/wp\/v2\/product"}],"about":[{"href":"https:\/\/military-classic-auction.com\/en\/wp-json\/wp\/v2\/types\/product"}],"wp:featuredmedia":[{"embeddable":true,"href":"https:\/\/military-classic-auction.com\/en\/wp-json\/wp\/v2\/media\/17496"}],"wp:attachment":[{"href":"https:\/\/military-classic-auction.com\/en\/wp-json\/wp\/v2\/media?parent=17645"}],"wp:term":[{"taxonomy":"product_brand","embeddable":true,"href":"https:\/\/military-classic-auction.com\/en\/wp-json\/wp\/v2\/product_brand?post=17645"},{"taxonomy":"product_cat","embeddable":true,"href":"https:\/\/military-classic-auction.com\/en\/wp-json\/wp\/v2\/product_cat?post=17645"},{"taxonomy":"product_tag","embeddable":true,"href":"https:\/\/military-classic-auction.com\/en\/wp-json\/wp\/v2\/product_tag?post=17645"}],"curies":[{"name":"wp","href":"https:\/\/api.w.org\/{rel}","templated":true}]}}