{"id":17644,"date":"2025-04-03T10:56:57","date_gmt":"2025-04-03T08:56:57","guid":{"rendered":"https:\/\/military-classic-auction.com\/?post_type=product&#038;p=17644"},"modified":"2025-04-03T10:56:58","modified_gmt":"2025-04-03T08:56:58","slug":"besitzzeugnis-infanterie-sturmabzeichen","status":"publish","type":"product","link":"https:\/\/military-classic-auction.com\/en\/product\/besitzzeugnis-infanterie-sturmabzeichen\/","title":{"rendered":"\u00ab\u00a0Besitzzeugnis infanterie sturmabzeichen\u00a0\u00bb"},"content":{"rendered":"<p>\u00ab\u00a0Besitzzeugnis infanterie sturmabzeichen\u00a0\u00bb<br \/>\nCertificat de propri\u00e9t\u00e9 d&rsquo;insigne d&rsquo;assaut d&rsquo;infanterie (sous verre)<br \/>\nAffect\u00e9 au 10.\/Gren.Rgt.547<br \/>\nD\u00e9livr\u00e9 le 20 mai 1942<br \/>\nFormat : 20 x 15 cm<br \/>\n(En l&rsquo;\u00e9tat)<br \/>\n&#8211;<br \/>\n\u00ab\u00a0Besitzzeugnis infanterie sturmabzeichen\u00a0\u00bb<br \/>\nCertificate of ownership of infantry assault badge (under glass)<br \/>\nAssigned to 10.\/Gren.Rgt.547<br \/>\nIssued May 20, 1942<br \/>\nFormat: 7.8&Prime; x 5.9&Prime;<br \/>\n(As is)<\/p>","protected":false},"excerpt":{"rendered":"<p>\u00ab\u00a0Besitzzeugnis infanterie sturmabzeichen\u00a0\u00bb Certificat de propri\u00e9t\u00e9 d&rsquo;insigne d&rsquo;assaut d&rsquo;infanterie (sous verre) Affect\u00e9 au 10.\/Gren.Rgt.547 D\u00e9livr\u00e9 le 20 mai 1942 Format : 20 x 15 cm (En l&rsquo;\u00e9tat) &#8211; \u00ab\u00a0Besitzzeugnis infanterie sturmabzeichen\u00a0\u00bb Certificate of ownership of infantry assault badge (under glass) Assigned to 10.\/Gren.Rgt.547 Issued May 20, 1942 Format: 7.8&Prime; x 5.9&Prime; (As is)<\/p>","protected":false},"featured_media":17489,"template":"","meta":[],"product_brand":[],"product_cat":[79],"product_tag":[],"class_list":{"0":"post-17644","1":"product","2":"type-product","3":"status-publish","4":"has-post-thumbnail","6":"product_cat-livres-documents-du-reich","8":"first","9":"instock","10":"sold-individually","11":"purchasable","12":"product-type-auction"},"aioseo_notices":[],"_links":{"self":[{"href":"https:\/\/military-classic-auction.com\/en\/wp-json\/wp\/v2\/product\/17644","targetHints":{"allow":["GET"]}}],"collection":[{"href":"https:\/\/military-classic-auction.com\/en\/wp-json\/wp\/v2\/product"}],"about":[{"href":"https:\/\/military-classic-auction.com\/en\/wp-json\/wp\/v2\/types\/product"}],"wp:featuredmedia":[{"embeddable":true,"href":"https:\/\/military-classic-auction.com\/en\/wp-json\/wp\/v2\/media\/17489"}],"wp:attachment":[{"href":"https:\/\/military-classic-auction.com\/en\/wp-json\/wp\/v2\/media?parent=17644"}],"wp:term":[{"taxonomy":"product_brand","embeddable":true,"href":"https:\/\/military-classic-auction.com\/en\/wp-json\/wp\/v2\/product_brand?post=17644"},{"taxonomy":"product_cat","embeddable":true,"href":"https:\/\/military-classic-auction.com\/en\/wp-json\/wp\/v2\/product_cat?post=17644"},{"taxonomy":"product_tag","embeddable":true,"href":"https:\/\/military-classic-auction.com\/en\/wp-json\/wp\/v2\/product_tag?post=17644"}],"curies":[{"name":"wp","href":"https:\/\/api.w.org\/{rel}","templated":true}]}}