{"id":17638,"date":"2025-04-03T10:56:50","date_gmt":"2025-04-03T08:56:50","guid":{"rendered":"https:\/\/military-classic-auction.com\/?post_type=product&#038;p=17638"},"modified":"2025-04-03T10:56:51","modified_gmt":"2025-04-03T08:56:51","slug":"deutsche-stenografenschaft","status":"publish","type":"product","link":"https:\/\/military-classic-auction.com\/en\/product\/deutsche-stenografenschaft\/","title":{"rendered":"\u00ab\u00a0Deutsche Stenografenschaft\u00a0\u00bb"},"content":{"rendered":"<p>\u00ab\u00a0Deutsche Stenografenschaft\u00a0\u00bb<br \/>\nLivret de st\u00e9nographe nominatif.<br \/>\nAnn\u00e9e 1938<br \/>\nFormat : 16,5 x 12 cm<br \/>\n(En l&rsquo;\u00e9tat)<br \/>\n&#8211;<br \/>\n\u00ab\u00a0Deutsche Stenografenschaft<br \/>\nStenographer&rsquo;s book by name.<br \/>\nYear 1938<br \/>\nFormat: 6.5&Prime; x 4.7\u00a0\u00bb<br \/>\n(As is)<\/p>","protected":false},"excerpt":{"rendered":"<p>\u00ab\u00a0Deutsche Stenografenschaft\u00a0\u00bb Livret de st\u00e9nographe nominatif. Ann\u00e9e 1938 Format : 16,5 x 12 cm (En l&rsquo;\u00e9tat) &#8211; \u00ab\u00a0Deutsche Stenografenschaft Stenographer&rsquo;s book by name. Year 1938 Format: 6.5&Prime; x 4.7\u00a0\u00bb (As is)<\/p>","protected":false},"featured_media":17454,"template":"","meta":[],"product_brand":[],"product_cat":[79],"product_tag":[],"class_list":{"0":"post-17638","1":"product","2":"type-product","3":"status-publish","4":"has-post-thumbnail","6":"product_cat-livres-documents-du-reich","8":"first","9":"instock","10":"sold-individually","11":"purchasable","12":"product-type-auction"},"aioseo_notices":[],"_links":{"self":[{"href":"https:\/\/military-classic-auction.com\/en\/wp-json\/wp\/v2\/product\/17638","targetHints":{"allow":["GET"]}}],"collection":[{"href":"https:\/\/military-classic-auction.com\/en\/wp-json\/wp\/v2\/product"}],"about":[{"href":"https:\/\/military-classic-auction.com\/en\/wp-json\/wp\/v2\/types\/product"}],"wp:featuredmedia":[{"embeddable":true,"href":"https:\/\/military-classic-auction.com\/en\/wp-json\/wp\/v2\/media\/17454"}],"wp:attachment":[{"href":"https:\/\/military-classic-auction.com\/en\/wp-json\/wp\/v2\/media?parent=17638"}],"wp:term":[{"taxonomy":"product_brand","embeddable":true,"href":"https:\/\/military-classic-auction.com\/en\/wp-json\/wp\/v2\/product_brand?post=17638"},{"taxonomy":"product_cat","embeddable":true,"href":"https:\/\/military-classic-auction.com\/en\/wp-json\/wp\/v2\/product_cat?post=17638"},{"taxonomy":"product_tag","embeddable":true,"href":"https:\/\/military-classic-auction.com\/en\/wp-json\/wp\/v2\/product_tag?post=17638"}],"curies":[{"name":"wp","href":"https:\/\/api.w.org\/{rel}","templated":true}]}}