{"id":17637,"date":"2025-04-03T10:56:47","date_gmt":"2025-04-03T08:56:47","guid":{"rendered":"https:\/\/military-classic-auction.com\/?post_type=product&#038;p=17637"},"modified":"2025-04-03T10:56:48","modified_gmt":"2025-04-03T08:56:48","slug":"pimpf-im-dienst","status":"publish","type":"product","link":"https:\/\/military-classic-auction.com\/en\/product\/pimpf-im-dienst\/","title":{"rendered":"\u00ab\u00a0Pimpf im dienst\u00a0\u00bb"},"content":{"rendered":"<p>\u00ab\u00a0Pimpf im dienst\u00a0\u00bb<br \/>\nManuel des jeunesses hitl\u00e9riennes.<br \/>\nAnn\u00e9e 1934<br \/>\nFormat : 19,5 x13 cm<br \/>\n350 pages<br \/>\n(En l&rsquo;\u00e9tat, usures)<br \/>\n&#8211;<br \/>\n\u00ab\u00a0Pimpf im dienst\u00a0\u00bb<br \/>\nHitler Youth Manual.<br \/>\nYear 1934<br \/>\nFormat: 7.6&Prime; x 5.1&Prime;<br \/>\n350 pages<br \/>\n(As is, worn)<\/p>","protected":false},"excerpt":{"rendered":"<p>\u00ab\u00a0Pimpf im dienst\u00a0\u00bb Manuel des jeunesses hitl\u00e9riennes. Ann\u00e9e 1934 Format : 19,5 x13 cm 350 pages (En l&rsquo;\u00e9tat, usures) &#8211; \u00ab\u00a0Pimpf im dienst\u00a0\u00bb Hitler Youth Manual. Year 1934 Format: 7.6&Prime; x 5.1&Prime; 350 pages (As is, worn)<\/p>","protected":false},"featured_media":17447,"template":"","meta":[],"product_brand":[],"product_cat":[79],"product_tag":[],"class_list":{"0":"post-17637","1":"product","2":"type-product","3":"status-publish","4":"has-post-thumbnail","6":"product_cat-livres-documents-du-reich","8":"first","9":"instock","10":"sold-individually","11":"purchasable","12":"product-type-auction"},"aioseo_notices":[],"_links":{"self":[{"href":"https:\/\/military-classic-auction.com\/en\/wp-json\/wp\/v2\/product\/17637","targetHints":{"allow":["GET"]}}],"collection":[{"href":"https:\/\/military-classic-auction.com\/en\/wp-json\/wp\/v2\/product"}],"about":[{"href":"https:\/\/military-classic-auction.com\/en\/wp-json\/wp\/v2\/types\/product"}],"wp:featuredmedia":[{"embeddable":true,"href":"https:\/\/military-classic-auction.com\/en\/wp-json\/wp\/v2\/media\/17447"}],"wp:attachment":[{"href":"https:\/\/military-classic-auction.com\/en\/wp-json\/wp\/v2\/media?parent=17637"}],"wp:term":[{"taxonomy":"product_brand","embeddable":true,"href":"https:\/\/military-classic-auction.com\/en\/wp-json\/wp\/v2\/product_brand?post=17637"},{"taxonomy":"product_cat","embeddable":true,"href":"https:\/\/military-classic-auction.com\/en\/wp-json\/wp\/v2\/product_cat?post=17637"},{"taxonomy":"product_tag","embeddable":true,"href":"https:\/\/military-classic-auction.com\/en\/wp-json\/wp\/v2\/product_tag?post=17637"}],"curies":[{"name":"wp","href":"https:\/\/api.w.org\/{rel}","templated":true}]}}