{"id":17634,"date":"2025-04-03T10:56:43","date_gmt":"2025-04-03T08:56:43","guid":{"rendered":"https:\/\/military-classic-auction.com\/?post_type=product&#038;p=17634"},"modified":"2025-04-12T11:48:55","modified_gmt":"2025-04-12T09:48:55","slug":"sofort-franzosisch-sprechen-org-todt","status":"publish","type":"product","link":"https:\/\/military-classic-auction.com\/en\/product\/sofort-franzosisch-sprechen-org-todt\/","title":{"rendered":"\u00ab\u00a0Sofort Franz\u00f6sisch Sprechen\u00a0\u00bb &#8211; Org. Todt"},"content":{"rendered":"<p>\u00ab\u00a0Sofort Franz\u00f6sisch Sprechen\u00a0\u00bb &#8211; Org. Todt<br \/>\nDictionnaire allemand\/fran\u00e7ais nominatif.<br \/>\nAvec photo du soldat, annotations au dos.<br \/>\nFormat : 13cm x 11cm<br \/>\n112 pages<br \/>\n(En l&rsquo;\u00e9tat, usures, couverture d\u00e9solidaris\u00e9e)<br \/>\n&#8211;<br \/>\n\u00ab\u00a0Sofort Franz\u00f6sisch Sprechen\u00a0\u00bb &#8211; Org. Todt<br \/>\nGerman\/French dictionary by name.<br \/>\nWith photo of soldier, annotations on back.<br \/>\nFormat: 5.1&Prime; x 4.3&Prime;<br \/>\n112 pages<br \/>\n(As is, wear, cover detached)<\/p>","protected":false},"excerpt":{"rendered":"<p>\u00ab\u00a0Sofort Franz\u00f6sisch Sprechen\u00a0\u00bb &#8211; Org. Todt Dictionnaire allemand\/fran\u00e7ais nominatif. Avec photo du soldat, annotations au dos. Format : 13cm x 11cm 112 pages (En l&rsquo;\u00e9tat, usures, couverture d\u00e9solidaris\u00e9e) &#8211; \u00ab\u00a0Sofort Franz\u00f6sisch Sprechen\u00a0\u00bb &#8211; Org. Todt German\/French dictionary by name. With photo of soldier, annotations on back. Format: 5.1&Prime; x 4.3&Prime; 112 pages (As is, wear,<a class=\"more-link\" href=\"https:\/\/military-classic-auction.com\/en\/product\/sofort-franzosisch-sprechen-org-todt\/\">Read more  &#10230;<\/a><\/p>","protected":false},"featured_media":17424,"template":"","meta":[],"product_brand":[],"product_cat":[79],"product_tag":[],"class_list":{"0":"post-17634","1":"product","2":"type-product","3":"status-publish","4":"has-post-thumbnail","6":"product_cat-livres-documents-du-reich","8":"first","9":"instock","10":"sold-individually","11":"purchasable","12":"product-type-auction"},"aioseo_notices":[],"_links":{"self":[{"href":"https:\/\/military-classic-auction.com\/en\/wp-json\/wp\/v2\/product\/17634","targetHints":{"allow":["GET"]}}],"collection":[{"href":"https:\/\/military-classic-auction.com\/en\/wp-json\/wp\/v2\/product"}],"about":[{"href":"https:\/\/military-classic-auction.com\/en\/wp-json\/wp\/v2\/types\/product"}],"wp:featuredmedia":[{"embeddable":true,"href":"https:\/\/military-classic-auction.com\/en\/wp-json\/wp\/v2\/media\/17424"}],"wp:attachment":[{"href":"https:\/\/military-classic-auction.com\/en\/wp-json\/wp\/v2\/media?parent=17634"}],"wp:term":[{"taxonomy":"product_brand","embeddable":true,"href":"https:\/\/military-classic-auction.com\/en\/wp-json\/wp\/v2\/product_brand?post=17634"},{"taxonomy":"product_cat","embeddable":true,"href":"https:\/\/military-classic-auction.com\/en\/wp-json\/wp\/v2\/product_cat?post=17634"},{"taxonomy":"product_tag","embeddable":true,"href":"https:\/\/military-classic-auction.com\/en\/wp-json\/wp\/v2\/product_tag?post=17634"}],"curies":[{"name":"wp","href":"https:\/\/api.w.org\/{rel}","templated":true}]}}