{"id":17630,"date":"2025-04-03T10:56:38","date_gmt":"2025-04-03T08:56:38","guid":{"rendered":"https:\/\/military-classic-auction.com\/?post_type=product&#038;p=17630"},"modified":"2025-04-03T10:56:39","modified_gmt":"2025-04-03T08:56:39","slug":"metoula-sprachfuhrer","status":"publish","type":"product","link":"https:\/\/military-classic-auction.com\/en\/product\/metoula-sprachfuhrer\/","title":{"rendered":"\u00ab\u00a0Metoula Sprachf\u00fchrer\u00a0\u00bb"},"content":{"rendered":"<p>\u00ab\u00a0Metoula Sprachf\u00fchrer\u00a0\u00bb<br \/>\nProf. Dr. Otto Riese<br \/>\nDictionnaire allemand-fran\u00e7ais avec suppl\u00e9ment pour soldat<br \/>\nAnn\u00e9e 1940<br \/>\nFormat : 9 x 13,5 cm<br \/>\n240 pages<br \/>\n(En l&rsquo;\u00e9tat)<br \/>\n&#8211;<br \/>\n\u00ab\u00a0Metoula Sprachf\u00fchrer\u00a0\u00bb<br \/>\nProf. Dr. Otto Riese<br \/>\nGerman-French dictionary with soldier&rsquo;s supplement<br \/>\nYear 1940<br \/>\nFormat: 5.3&Prime; x 3.5&Prime;<br \/>\n240 pages<br \/>\n(As is)<\/p>","protected":false},"excerpt":{"rendered":"<p>\u00ab\u00a0Metoula Sprachf\u00fchrer\u00a0\u00bb Prof. Dr. Otto Riese Dictionnaire allemand-fran\u00e7ais avec suppl\u00e9ment pour soldat Ann\u00e9e 1940 Format : 9 x 13,5 cm 240 pages (En l&rsquo;\u00e9tat) &#8211; \u00ab\u00a0Metoula Sprachf\u00fchrer\u00a0\u00bb Prof. Dr. Otto Riese German-French dictionary with soldier&rsquo;s supplement Year 1940 Format: 5.3&Prime; x 3.5&Prime; 240 pages (As is)<\/p>","protected":false},"featured_media":17401,"template":"","meta":[],"product_brand":[],"product_cat":[79],"product_tag":[],"class_list":{"0":"post-17630","1":"product","2":"type-product","3":"status-publish","4":"has-post-thumbnail","6":"product_cat-livres-documents-du-reich","8":"first","9":"instock","10":"sold-individually","11":"purchasable","12":"product-type-auction"},"aioseo_notices":[],"_links":{"self":[{"href":"https:\/\/military-classic-auction.com\/en\/wp-json\/wp\/v2\/product\/17630","targetHints":{"allow":["GET"]}}],"collection":[{"href":"https:\/\/military-classic-auction.com\/en\/wp-json\/wp\/v2\/product"}],"about":[{"href":"https:\/\/military-classic-auction.com\/en\/wp-json\/wp\/v2\/types\/product"}],"wp:featuredmedia":[{"embeddable":true,"href":"https:\/\/military-classic-auction.com\/en\/wp-json\/wp\/v2\/media\/17401"}],"wp:attachment":[{"href":"https:\/\/military-classic-auction.com\/en\/wp-json\/wp\/v2\/media?parent=17630"}],"wp:term":[{"taxonomy":"product_brand","embeddable":true,"href":"https:\/\/military-classic-auction.com\/en\/wp-json\/wp\/v2\/product_brand?post=17630"},{"taxonomy":"product_cat","embeddable":true,"href":"https:\/\/military-classic-auction.com\/en\/wp-json\/wp\/v2\/product_cat?post=17630"},{"taxonomy":"product_tag","embeddable":true,"href":"https:\/\/military-classic-auction.com\/en\/wp-json\/wp\/v2\/product_tag?post=17630"}],"curies":[{"name":"wp","href":"https:\/\/api.w.org\/{rel}","templated":true}]}}