{"id":17628,"date":"2025-04-03T10:56:36","date_gmt":"2025-04-03T08:56:36","guid":{"rendered":"https:\/\/military-classic-auction.com\/?post_type=product&#038;p=17628"},"modified":"2025-04-03T10:56:37","modified_gmt":"2025-04-03T08:56:37","slug":"die-kunst-im-deutschen-reich","status":"publish","type":"product","link":"https:\/\/military-classic-auction.com\/en\/product\/die-kunst-im-deutschen-reich\/","title":{"rendered":"\u00ab\u00a0Die kunst im deutschen reich\u00a0\u00bb"},"content":{"rendered":"<p>\u00ab\u00a0Die kunst im deutschen reich\u00a0\u00bb<br \/>\nTextes et illustrations NB &#038; couleur d&rsquo;\u0153uvres d&rsquo;art en Allemagne<br \/>\nAnn\u00e9e 1943<br \/>\nFormat : 28 x 36 cm<br \/>\n(En l&rsquo;\u00e9tat, usures)<br \/>\n&#8211;<br \/>\n\u00ab\u00a0Die kunst im deutschen reich\u00a0\u00bb (Art in Germany)<br \/>\nTexts and illustrations NB &#038; color of works of art in Germany<br \/>\nYear 1943<br \/>\nFormat: 14.1&Prime; x 11&Prime;<br \/>\n(As is, wear)<\/p>","protected":false},"excerpt":{"rendered":"<p>\u00ab\u00a0Die kunst im deutschen reich\u00a0\u00bb Textes et illustrations NB &#038; couleur d&rsquo;\u0153uvres d&rsquo;art en Allemagne Ann\u00e9e 1943 Format : 28 x 36 cm (En l&rsquo;\u00e9tat, usures) &#8211; \u00ab\u00a0Die kunst im deutschen reich\u00a0\u00bb (Art in Germany) Texts and illustrations NB &#038; color of works of art in Germany Year 1943 Format: 14.1&Prime; x 11&Prime; (As is,<a class=\"more-link\" href=\"https:\/\/military-classic-auction.com\/en\/product\/die-kunst-im-deutschen-reich\/\">Read more  &#10230;<\/a><\/p>","protected":false},"featured_media":17388,"template":"","meta":[],"product_brand":[],"product_cat":[79],"product_tag":[],"class_list":{"0":"post-17628","1":"product","2":"type-product","3":"status-publish","4":"has-post-thumbnail","6":"product_cat-livres-documents-du-reich","8":"first","9":"instock","10":"sold-individually","11":"purchasable","12":"product-type-auction"},"aioseo_notices":[],"_links":{"self":[{"href":"https:\/\/military-classic-auction.com\/en\/wp-json\/wp\/v2\/product\/17628","targetHints":{"allow":["GET"]}}],"collection":[{"href":"https:\/\/military-classic-auction.com\/en\/wp-json\/wp\/v2\/product"}],"about":[{"href":"https:\/\/military-classic-auction.com\/en\/wp-json\/wp\/v2\/types\/product"}],"wp:featuredmedia":[{"embeddable":true,"href":"https:\/\/military-classic-auction.com\/en\/wp-json\/wp\/v2\/media\/17388"}],"wp:attachment":[{"href":"https:\/\/military-classic-auction.com\/en\/wp-json\/wp\/v2\/media?parent=17628"}],"wp:term":[{"taxonomy":"product_brand","embeddable":true,"href":"https:\/\/military-classic-auction.com\/en\/wp-json\/wp\/v2\/product_brand?post=17628"},{"taxonomy":"product_cat","embeddable":true,"href":"https:\/\/military-classic-auction.com\/en\/wp-json\/wp\/v2\/product_cat?post=17628"},{"taxonomy":"product_tag","embeddable":true,"href":"https:\/\/military-classic-auction.com\/en\/wp-json\/wp\/v2\/product_tag?post=17628"}],"curies":[{"name":"wp","href":"https:\/\/api.w.org\/{rel}","templated":true}]}}