{"id":17622,"date":"2025-04-03T10:56:23","date_gmt":"2025-04-03T08:56:23","guid":{"rendered":"https:\/\/military-classic-auction.com\/?post_type=product&#038;p=17622"},"modified":"2025-04-12T11:58:25","modified_gmt":"2025-04-12T09:58:25","slug":"pochette-de-kennkarte-deutsches-reich","status":"publish","type":"product","link":"https:\/\/military-classic-auction.com\/en\/product\/pochette-de-kennkarte-deutsches-reich\/","title":{"rendered":"Pochette de \u00ab\u00a0Kennkarte\u00a0\u00bb &#8211; Deutsches Reich"},"content":{"rendered":"<p>Pochette de \u00ab\u00a0Kennkarte\u00a0\u00bb &#8211; Deutsches Reich<br \/>\nPochette \/ \u00e9tui pour carte d&rsquo;identit\u00e9.<br \/>\nFormat ferm\u00e9 : 16,5cm x 11cm<br \/>\n(En l&rsquo;\u00e9tat, usures)<br \/>\n&#8211;<br \/>\nKennkarte\u00a0\u00bb pocket &#8211; Deutsches Reich<br \/>\nPouch \/ case for identity card.<br \/>\nClosed format: 6.5&Prime; x 4.3&Prime;<br \/>\n(As is, worn)<\/p>","protected":false},"excerpt":{"rendered":"<p>Pochette de \u00ab\u00a0Kennkarte\u00a0\u00bb &#8211; Deutsches Reich Pochette \/ \u00e9tui pour carte d&rsquo;identit\u00e9. Format ferm\u00e9 : 16,5cm x 11cm (En l&rsquo;\u00e9tat, usures) &#8211; Kennkarte\u00a0\u00bb pocket &#8211; Deutsches Reich Pouch \/ case for identity card. Closed format: 6.5&Prime; x 4.3&Prime; (As is, worn)<\/p>","protected":false},"featured_media":17350,"template":"","meta":[],"product_brand":[],"product_cat":[79],"product_tag":[],"class_list":{"0":"post-17622","1":"product","2":"type-product","3":"status-publish","4":"has-post-thumbnail","6":"product_cat-livres-documents-du-reich","8":"first","9":"instock","10":"sold-individually","11":"purchasable","12":"product-type-auction"},"aioseo_notices":[],"_links":{"self":[{"href":"https:\/\/military-classic-auction.com\/en\/wp-json\/wp\/v2\/product\/17622","targetHints":{"allow":["GET"]}}],"collection":[{"href":"https:\/\/military-classic-auction.com\/en\/wp-json\/wp\/v2\/product"}],"about":[{"href":"https:\/\/military-classic-auction.com\/en\/wp-json\/wp\/v2\/types\/product"}],"wp:featuredmedia":[{"embeddable":true,"href":"https:\/\/military-classic-auction.com\/en\/wp-json\/wp\/v2\/media\/17350"}],"wp:attachment":[{"href":"https:\/\/military-classic-auction.com\/en\/wp-json\/wp\/v2\/media?parent=17622"}],"wp:term":[{"taxonomy":"product_brand","embeddable":true,"href":"https:\/\/military-classic-auction.com\/en\/wp-json\/wp\/v2\/product_brand?post=17622"},{"taxonomy":"product_cat","embeddable":true,"href":"https:\/\/military-classic-auction.com\/en\/wp-json\/wp\/v2\/product_cat?post=17622"},{"taxonomy":"product_tag","embeddable":true,"href":"https:\/\/military-classic-auction.com\/en\/wp-json\/wp\/v2\/product_tag?post=17622"}],"curies":[{"name":"wp","href":"https:\/\/api.w.org\/{rel}","templated":true}]}}