{"id":17615,"date":"2025-04-03T10:56:13","date_gmt":"2025-04-03T08:56:13","guid":{"rendered":"https:\/\/military-classic-auction.com\/?post_type=product&#038;p=17615"},"modified":"2025-04-03T10:56:14","modified_gmt":"2025-04-03T08:56:14","slug":"vorlaufiger-fremdenpass-deutsches-reich","status":"publish","type":"product","link":"https:\/\/military-classic-auction.com\/en\/product\/vorlaufiger-fremdenpass-deutsches-reich\/","title":{"rendered":"\u00ab\u00a0Vorl\u00e4ufiger Fremdenpass\u00a0\u00bb &#8211; Deutsches Reich"},"content":{"rendered":"<p>\u00ab\u00a0Vorl\u00e4ufiger Fremdenpass\u00a0\u00bb &#8211; Deutsches Reich<br \/>\nPasseport \u00e9tranger temporaire nominatif de l&#8217;empire allemand.<br \/>\nAnn\u00e9e 1943<br \/>\nFormat : 10,5 x 15 cm<br \/>\n(En l&rsquo;\u00e9tat, usures)<br \/>\n&#8211;<br \/>\n\u00ab\u00a0Vorl\u00e4ufiger Fremdenpass\u00a0\u00bb &#8211; Deutsches Reich<br \/>\nNominative temporary foreign passport from the German Empire.<br \/>\nYear 1943<br \/>\nSize: 5.9&Prime; x 4.1&Prime;<br \/>\n(As is, wear)<\/p>","protected":false},"excerpt":{"rendered":"<p>\u00ab\u00a0Vorl\u00e4ufiger Fremdenpass\u00a0\u00bb &#8211; Deutsches Reich Passeport \u00e9tranger temporaire nominatif de l&#8217;empire allemand. Ann\u00e9e 1943 Format : 10,5 x 15 cm (En l&rsquo;\u00e9tat, usures) &#8211; \u00ab\u00a0Vorl\u00e4ufiger Fremdenpass\u00a0\u00bb &#8211; Deutsches Reich Nominative temporary foreign passport from the German Empire. Year 1943 Size: 5.9&Prime; x 4.1&Prime; (As is, wear)<\/p>","protected":false},"featured_media":17327,"template":"","meta":[],"product_brand":[],"product_cat":[79],"product_tag":[],"class_list":{"0":"post-17615","1":"product","2":"type-product","3":"status-publish","4":"has-post-thumbnail","6":"product_cat-livres-documents-du-reich","8":"first","9":"instock","10":"sold-individually","11":"purchasable","12":"product-type-auction"},"aioseo_notices":[],"_links":{"self":[{"href":"https:\/\/military-classic-auction.com\/en\/wp-json\/wp\/v2\/product\/17615","targetHints":{"allow":["GET"]}}],"collection":[{"href":"https:\/\/military-classic-auction.com\/en\/wp-json\/wp\/v2\/product"}],"about":[{"href":"https:\/\/military-classic-auction.com\/en\/wp-json\/wp\/v2\/types\/product"}],"wp:featuredmedia":[{"embeddable":true,"href":"https:\/\/military-classic-auction.com\/en\/wp-json\/wp\/v2\/media\/17327"}],"wp:attachment":[{"href":"https:\/\/military-classic-auction.com\/en\/wp-json\/wp\/v2\/media?parent=17615"}],"wp:term":[{"taxonomy":"product_brand","embeddable":true,"href":"https:\/\/military-classic-auction.com\/en\/wp-json\/wp\/v2\/product_brand?post=17615"},{"taxonomy":"product_cat","embeddable":true,"href":"https:\/\/military-classic-auction.com\/en\/wp-json\/wp\/v2\/product_cat?post=17615"},{"taxonomy":"product_tag","embeddable":true,"href":"https:\/\/military-classic-auction.com\/en\/wp-json\/wp\/v2\/product_tag?post=17615"}],"curies":[{"name":"wp","href":"https:\/\/api.w.org\/{rel}","templated":true}]}}