{"id":17614,"date":"2025-04-03T10:56:12","date_gmt":"2025-04-03T08:56:12","guid":{"rendered":"https:\/\/military-classic-auction.com\/?post_type=product&#038;p=17614"},"modified":"2025-04-12T11:44:06","modified_gmt":"2025-04-12T09:44:06","slug":"soldbuch-personalausweis-lufwaffe","status":"publish","type":"product","link":"https:\/\/military-classic-auction.com\/en\/product\/soldbuch-personalausweis-lufwaffe\/","title":{"rendered":"Soldbuch Personalausweis &#8211; Lufwaffe"},"content":{"rendered":"<p>Soldbuch Personalausweis &#8211; Lufwaffe<br \/>\nOuvert en 1939.<br \/>\nAffect\u00e9 \u00e0 la 2.Komp. Fl. Erg. Batl.33<br \/>\nAvec plaque &#038; photo d&rsquo;identit\u00e9.<br \/>\nFormat : 15 x10,5 cm<br \/>\n(En l&rsquo;\u00e9tat, usures)<br \/>\n&#8211;<br \/>\nSoldbuch Personalausweis &#8211; Lufwaffe<br \/>\nOpened in 1939.<br \/>\nAssigned to 2.Komp. Fl. Erg. Batl.33<br \/>\nWith nameplate &#038; passport photo.<br \/>\nFormat: 5.9&Prime; x 4.1&Prime;<br \/>\n(As is, worn)<\/p>","protected":false},"excerpt":{"rendered":"<p>Soldbuch Personalausweis &#8211; Lufwaffe Ouvert en 1939. Affect\u00e9 \u00e0 la 2.Komp. Fl. Erg. Batl.33 Avec plaque &#038; photo d&rsquo;identit\u00e9. Format : 15 x10,5 cm (En l&rsquo;\u00e9tat, usures) &#8211; Soldbuch Personalausweis &#8211; Lufwaffe Opened in 1939. Assigned to 2.Komp. Fl. Erg. Batl.33 With nameplate &#038; passport photo. Format: 5.9&Prime; x 4.1&Prime; (As is, worn)<\/p>","protected":false},"featured_media":17322,"template":"","meta":[],"product_brand":[],"product_cat":[79],"product_tag":[],"class_list":{"0":"post-17614","1":"product","2":"type-product","3":"status-publish","4":"has-post-thumbnail","6":"product_cat-livres-documents-du-reich","8":"first","9":"instock","10":"sold-individually","11":"purchasable","12":"product-type-auction"},"aioseo_notices":[],"_links":{"self":[{"href":"https:\/\/military-classic-auction.com\/en\/wp-json\/wp\/v2\/product\/17614","targetHints":{"allow":["GET"]}}],"collection":[{"href":"https:\/\/military-classic-auction.com\/en\/wp-json\/wp\/v2\/product"}],"about":[{"href":"https:\/\/military-classic-auction.com\/en\/wp-json\/wp\/v2\/types\/product"}],"wp:featuredmedia":[{"embeddable":true,"href":"https:\/\/military-classic-auction.com\/en\/wp-json\/wp\/v2\/media\/17322"}],"wp:attachment":[{"href":"https:\/\/military-classic-auction.com\/en\/wp-json\/wp\/v2\/media?parent=17614"}],"wp:term":[{"taxonomy":"product_brand","embeddable":true,"href":"https:\/\/military-classic-auction.com\/en\/wp-json\/wp\/v2\/product_brand?post=17614"},{"taxonomy":"product_cat","embeddable":true,"href":"https:\/\/military-classic-auction.com\/en\/wp-json\/wp\/v2\/product_cat?post=17614"},{"taxonomy":"product_tag","embeddable":true,"href":"https:\/\/military-classic-auction.com\/en\/wp-json\/wp\/v2\/product_tag?post=17614"}],"curies":[{"name":"wp","href":"https:\/\/api.w.org\/{rel}","templated":true}]}}