{"id":17612,"date":"2025-04-03T10:56:09","date_gmt":"2025-04-03T08:56:09","guid":{"rendered":"https:\/\/military-classic-auction.com\/?post_type=product&#038;p=17612"},"modified":"2025-04-12T08:35:51","modified_gmt":"2025-04-12T06:35:51","slug":"ausweiskarte-teno","status":"publish","type":"product","link":"https:\/\/military-classic-auction.com\/en\/product\/ausweiskarte-teno\/","title":{"rendered":"\u00ab\u00a0Ausweiskarte\u00a0\u00bb &#8211; TENO"},"content":{"rendered":"<p>\u00ab\u00a0Ausweiskarte\u00a0\u00bb &#8211; TENO<br \/>\nTENO : Technische Nothilfe<br \/>\nCarte d&rsquo;identit\u00e9 de membre de l&rsquo;aide technique d&rsquo;urgence du minist\u00e8re du Reich.<br \/>\nAnn\u00e9e 1924<br \/>\nFormat : 12 x 8 cm<br \/>\n(En l&rsquo;\u00e9tat, usures)<br \/>\n&#8211;<br \/>\n\u00ab\u00a0Ausweiskarte\u00a0\u00bb &#8211; TENO<br \/>\nTENO: Technische Nothilfe<br \/>\nIdentity card for members of the Reich Ministry&rsquo;s Technical Emergency Aid.<br \/>\nYear 1924<br \/>\nSize: 4.7&Prime; x 3.1&Prime;<br \/>\n(As is, wear)<\/p>","protected":false},"excerpt":{"rendered":"<p>\u00ab\u00a0Ausweiskarte\u00a0\u00bb &#8211; TENO TENO : Technische Nothilfe Carte d&rsquo;identit\u00e9 de membre de l&rsquo;aide technique d&rsquo;urgence du minist\u00e8re du Reich. Ann\u00e9e 1924 Format : 12 x 8 cm (En l&rsquo;\u00e9tat, usures) &#8211; \u00ab\u00a0Ausweiskarte\u00a0\u00bb &#8211; TENO TENO: Technische Nothilfe Identity card for members of the Reich Ministry&rsquo;s Technical Emergency Aid. Year 1924 Size: 4.7&Prime; x 3.1&Prime; (As<a class=\"more-link\" href=\"https:\/\/military-classic-auction.com\/en\/product\/ausweiskarte-teno\/\">Read more  &#10230;<\/a><\/p>","protected":false},"featured_media":17305,"template":"","meta":[],"product_brand":[],"product_cat":[79],"product_tag":[],"class_list":{"0":"post-17612","1":"product","2":"type-product","3":"status-publish","4":"has-post-thumbnail","6":"product_cat-livres-documents-du-reich","8":"first","9":"instock","10":"sold-individually","11":"purchasable","12":"product-type-auction"},"aioseo_notices":[],"_links":{"self":[{"href":"https:\/\/military-classic-auction.com\/en\/wp-json\/wp\/v2\/product\/17612","targetHints":{"allow":["GET"]}}],"collection":[{"href":"https:\/\/military-classic-auction.com\/en\/wp-json\/wp\/v2\/product"}],"about":[{"href":"https:\/\/military-classic-auction.com\/en\/wp-json\/wp\/v2\/types\/product"}],"wp:featuredmedia":[{"embeddable":true,"href":"https:\/\/military-classic-auction.com\/en\/wp-json\/wp\/v2\/media\/17305"}],"wp:attachment":[{"href":"https:\/\/military-classic-auction.com\/en\/wp-json\/wp\/v2\/media?parent=17612"}],"wp:term":[{"taxonomy":"product_brand","embeddable":true,"href":"https:\/\/military-classic-auction.com\/en\/wp-json\/wp\/v2\/product_brand?post=17612"},{"taxonomy":"product_cat","embeddable":true,"href":"https:\/\/military-classic-auction.com\/en\/wp-json\/wp\/v2\/product_cat?post=17612"},{"taxonomy":"product_tag","embeddable":true,"href":"https:\/\/military-classic-auction.com\/en\/wp-json\/wp\/v2\/product_tag?post=17612"}],"curies":[{"name":"wp","href":"https:\/\/api.w.org\/{rel}","templated":true}]}}