{"id":17610,"date":"2025-04-03T10:56:06","date_gmt":"2025-04-03T08:56:06","guid":{"rendered":"https:\/\/military-classic-auction.com\/?post_type=product&#038;p=17610"},"modified":"2025-04-12T11:49:57","modified_gmt":"2025-04-12T09:49:57","slug":"soldbuch-personalausweis-deutsche-reichsbahn","status":"publish","type":"product","link":"https:\/\/military-classic-auction.com\/en\/product\/soldbuch-personalausweis-deutsche-reichsbahn\/","title":{"rendered":"\u00ab\u00a0Soldbuch Personalausweis\u00a0\u00bb &#8211; Deutsche Reichsbahn"},"content":{"rendered":"<p>\u00ab\u00a0Soldbuch Personalausweis\u00a0\u00bb &#8211; Deutsche Reichsbahn<br \/>\nLivre de solde d&rsquo;un membre de la Deutsche Reichsbahn.<br \/>\nSans annotations avec photo d&rsquo;identit\u00e9 d\u00e9solidaris\u00e9e.<br \/>\nFormat : 12 x 9 cm<br \/>\n14 pages<br \/>\n(En l&rsquo;\u00e9tat)<br \/>\n&#8211;<br \/>\n\u00ab\u00a0Soldbuch Personalausweis &#8211; Deutsche Reichsbahn\u00a0\u00bb<br \/>\nPay book of a member of the Deutsche Reichsbahn.<br \/>\nWithout annotations with detached passport photo.<br \/>\nFormat : 4.7&Prime; x 3.5&Prime;<br \/>\n14 pages<br \/>\n(As is)<\/p>","protected":false},"excerpt":{"rendered":"<p>\u00ab\u00a0Soldbuch Personalausweis\u00a0\u00bb &#8211; Deutsche Reichsbahn Livre de solde d&rsquo;un membre de la Deutsche Reichsbahn. Sans annotations avec photo d&rsquo;identit\u00e9 d\u00e9solidaris\u00e9e. Format : 12 x 9 cm 14 pages (En l&rsquo;\u00e9tat) &#8211; \u00ab\u00a0Soldbuch Personalausweis &#8211; Deutsche Reichsbahn\u00a0\u00bb Pay book of a member of the Deutsche Reichsbahn. Without annotations with detached passport photo. Format : 4.7&Prime; x<a class=\"more-link\" href=\"https:\/\/military-classic-auction.com\/en\/product\/soldbuch-personalausweis-deutsche-reichsbahn\/\">Read more  &#10230;<\/a><\/p>","protected":false},"featured_media":17296,"template":"","meta":[],"product_brand":[],"product_cat":[79],"product_tag":[],"class_list":{"0":"post-17610","1":"product","2":"type-product","3":"status-publish","4":"has-post-thumbnail","6":"product_cat-livres-documents-du-reich","8":"first","9":"instock","10":"sold-individually","11":"purchasable","12":"product-type-auction"},"aioseo_notices":[],"_links":{"self":[{"href":"https:\/\/military-classic-auction.com\/en\/wp-json\/wp\/v2\/product\/17610","targetHints":{"allow":["GET"]}}],"collection":[{"href":"https:\/\/military-classic-auction.com\/en\/wp-json\/wp\/v2\/product"}],"about":[{"href":"https:\/\/military-classic-auction.com\/en\/wp-json\/wp\/v2\/types\/product"}],"wp:featuredmedia":[{"embeddable":true,"href":"https:\/\/military-classic-auction.com\/en\/wp-json\/wp\/v2\/media\/17296"}],"wp:attachment":[{"href":"https:\/\/military-classic-auction.com\/en\/wp-json\/wp\/v2\/media?parent=17610"}],"wp:term":[{"taxonomy":"product_brand","embeddable":true,"href":"https:\/\/military-classic-auction.com\/en\/wp-json\/wp\/v2\/product_brand?post=17610"},{"taxonomy":"product_cat","embeddable":true,"href":"https:\/\/military-classic-auction.com\/en\/wp-json\/wp\/v2\/product_cat?post=17610"},{"taxonomy":"product_tag","embeddable":true,"href":"https:\/\/military-classic-auction.com\/en\/wp-json\/wp\/v2\/product_tag?post=17610"}],"curies":[{"name":"wp","href":"https:\/\/api.w.org\/{rel}","templated":true}]}}