{"id":17609,"date":"2025-04-03T10:56:05","date_gmt":"2025-04-03T08:56:05","guid":{"rendered":"https:\/\/military-classic-auction.com\/?post_type=product&#038;p=17609"},"modified":"2025-04-12T11:54:21","modified_gmt":"2025-04-12T09:54:21","slug":"personal-ausweis-fur-lothringer","status":"publish","type":"product","link":"https:\/\/military-classic-auction.com\/en\/product\/personal-ausweis-fur-lothringer\/","title":{"rendered":"\u00ab\u00a0Personal-Ausweis f\u00fcr Lothringer\u00a0\u00bb"},"content":{"rendered":"<p>\u00ab\u00a0Personal-Ausweis f\u00fcr Lothringer\u00a0\u00bb<br \/>\nCarte d&rsquo;identit\u00e9 personnelle pour la Lorraine + fiche d&rsquo;identit\u00e9 de la Moselle nominatives<br \/>\nAnn\u00e9e 1941<br \/>\nFormat : 14,5 x 10 cm<br \/>\n(En l&rsquo;\u00e9tat, usures)<br \/>\n&#8211;<br \/>\n\u00ab\u00a0Personal-Ausweis f\u00fcr Lothringer\u00a0\u00bb<br \/>\nPersonal identity card for Lorraine + Moselle identity card by name<br \/>\nYear 1941<br \/>\nFormat: 5.7&Prime; x 3.9&Prime;<br \/>\n(As is, wear)<\/p>","protected":false},"excerpt":{"rendered":"<p>\u00ab\u00a0Personal-Ausweis f\u00fcr Lothringer\u00a0\u00bb Carte d&rsquo;identit\u00e9 personnelle pour la Lorraine + fiche d&rsquo;identit\u00e9 de la Moselle nominatives Ann\u00e9e 1941 Format : 14,5 x 10 cm (En l&rsquo;\u00e9tat, usures) &#8211; \u00ab\u00a0Personal-Ausweis f\u00fcr Lothringer\u00a0\u00bb Personal identity card for Lorraine + Moselle identity card by name Year 1941 Format: 5.7&Prime; x 3.9&Prime; (As is, wear)<\/p>","protected":false},"featured_media":17291,"template":"","meta":[],"product_brand":[],"product_cat":[79],"product_tag":[],"class_list":{"0":"post-17609","1":"product","2":"type-product","3":"status-publish","4":"has-post-thumbnail","6":"product_cat-livres-documents-du-reich","8":"first","9":"instock","10":"sold-individually","11":"purchasable","12":"product-type-auction"},"aioseo_notices":[],"_links":{"self":[{"href":"https:\/\/military-classic-auction.com\/en\/wp-json\/wp\/v2\/product\/17609","targetHints":{"allow":["GET"]}}],"collection":[{"href":"https:\/\/military-classic-auction.com\/en\/wp-json\/wp\/v2\/product"}],"about":[{"href":"https:\/\/military-classic-auction.com\/en\/wp-json\/wp\/v2\/types\/product"}],"wp:featuredmedia":[{"embeddable":true,"href":"https:\/\/military-classic-auction.com\/en\/wp-json\/wp\/v2\/media\/17291"}],"wp:attachment":[{"href":"https:\/\/military-classic-auction.com\/en\/wp-json\/wp\/v2\/media?parent=17609"}],"wp:term":[{"taxonomy":"product_brand","embeddable":true,"href":"https:\/\/military-classic-auction.com\/en\/wp-json\/wp\/v2\/product_brand?post=17609"},{"taxonomy":"product_cat","embeddable":true,"href":"https:\/\/military-classic-auction.com\/en\/wp-json\/wp\/v2\/product_cat?post=17609"},{"taxonomy":"product_tag","embeddable":true,"href":"https:\/\/military-classic-auction.com\/en\/wp-json\/wp\/v2\/product_tag?post=17609"}],"curies":[{"name":"wp","href":"https:\/\/api.w.org\/{rel}","templated":true}]}}