{"id":17606,"date":"2025-04-03T10:55:58","date_gmt":"2025-04-03T08:55:58","guid":{"rendered":"https:\/\/military-classic-auction.com\/?post_type=product&#038;p=17606"},"modified":"2025-04-03T10:55:59","modified_gmt":"2025-04-03T08:55:59","slug":"reise-abonnement-1939","status":"publish","type":"product","link":"https:\/\/military-classic-auction.com\/en\/product\/reise-abonnement-1939\/","title":{"rendered":"\u00ab\u00a0Reise-abonnement\u00a0\u00bb &#8211; 1939"},"content":{"rendered":"<p>\u00ab\u00a0Reise-abonnement\u00a0\u00bb &#8211; 1939<br \/>\nAbonnement de voyage pour la suisse<br \/>\nAvec photo d&rsquo;identit\u00e9 &#038; annotations.<br \/>\nAnn\u00e9e 1939<br \/>\nFormat : 15 x 10,5 cm<br \/>\n(En l&rsquo;\u00e9tat)<br \/>\n&#8211;<br \/>\n\u00ab\u00a0Reise-abonnement\u00a0\u00bb &#8211; 1939<br \/>\nTravel pass for Switzerland<br \/>\nWith passport photo &#038; annotations.<br \/>\nYear 1939<br \/>\nFormat: 5.9&Prime; x 4.1&Prime;<br \/>\n(As is)<\/p>","protected":false},"excerpt":{"rendered":"<p>\u00ab\u00a0Reise-abonnement\u00a0\u00bb &#8211; 1939 Abonnement de voyage pour la suisse Avec photo d&rsquo;identit\u00e9 &#038; annotations. Ann\u00e9e 1939 Format : 15 x 10,5 cm (En l&rsquo;\u00e9tat) &#8211; \u00ab\u00a0Reise-abonnement\u00a0\u00bb &#8211; 1939 Travel pass for Switzerland With passport photo &#038; annotations. Year 1939 Format: 5.9&Prime; x 4.1&Prime; (As is)<\/p>","protected":false},"featured_media":17275,"template":"","meta":[],"product_brand":[],"product_cat":[79],"product_tag":[],"class_list":{"0":"post-17606","1":"product","2":"type-product","3":"status-publish","4":"has-post-thumbnail","6":"product_cat-livres-documents-du-reich","8":"first","9":"instock","10":"sold-individually","11":"purchasable","12":"product-type-auction"},"aioseo_notices":[],"_links":{"self":[{"href":"https:\/\/military-classic-auction.com\/en\/wp-json\/wp\/v2\/product\/17606","targetHints":{"allow":["GET"]}}],"collection":[{"href":"https:\/\/military-classic-auction.com\/en\/wp-json\/wp\/v2\/product"}],"about":[{"href":"https:\/\/military-classic-auction.com\/en\/wp-json\/wp\/v2\/types\/product"}],"wp:featuredmedia":[{"embeddable":true,"href":"https:\/\/military-classic-auction.com\/en\/wp-json\/wp\/v2\/media\/17275"}],"wp:attachment":[{"href":"https:\/\/military-classic-auction.com\/en\/wp-json\/wp\/v2\/media?parent=17606"}],"wp:term":[{"taxonomy":"product_brand","embeddable":true,"href":"https:\/\/military-classic-auction.com\/en\/wp-json\/wp\/v2\/product_brand?post=17606"},{"taxonomy":"product_cat","embeddable":true,"href":"https:\/\/military-classic-auction.com\/en\/wp-json\/wp\/v2\/product_cat?post=17606"},{"taxonomy":"product_tag","embeddable":true,"href":"https:\/\/military-classic-auction.com\/en\/wp-json\/wp\/v2\/product_tag?post=17606"}],"curies":[{"name":"wp","href":"https:\/\/api.w.org\/{rel}","templated":true}]}}