{"id":17602,"date":"2025-04-03T10:55:50","date_gmt":"2025-04-03T08:55:50","guid":{"rendered":"https:\/\/military-classic-auction.com\/?post_type=product&#038;p=17602"},"modified":"2025-04-03T10:55:51","modified_gmt":"2025-04-03T08:55:51","slug":"afrika-karte","status":"publish","type":"product","link":"https:\/\/military-classic-auction.com\/en\/product\/afrika-karte\/","title":{"rendered":"\u00ab\u00a0Afrika-Karte\u00a0\u00bb"},"content":{"rendered":"<p>\u00ab\u00a0Afrika-Karte\u00a0\u00bb<br \/>\nCarte militaire repr\u00e9sentant le continent africain.<br \/>\nAnn\u00e9e 1940\/41<br \/>\n\u00c9chelle : 1 : 15 000 000<br \/>\nFormat pli\u00e9e : 30 x 17 cm<br \/>\n(En l&rsquo;\u00e9tat, usures)<br \/>\n&#8211;<br \/>\n\u00ab\u00a0Afrika-Karte\u00a0\u00bb<br \/>\nMilitary map depicting the African continent.<br \/>\nYear 1940\/41<br \/>\nScale: 1:15,000,000<br \/>\nFolded format: 11.8&Prime; x 6.7&Prime;<br \/>\n(As is, worn)<\/p>","protected":false},"excerpt":{"rendered":"<p>\u00ab\u00a0Afrika-Karte\u00a0\u00bb Carte militaire repr\u00e9sentant le continent africain. Ann\u00e9e 1940\/41 \u00c9chelle : 1 : 15 000 000 Format pli\u00e9e : 30 x 17 cm (En l&rsquo;\u00e9tat, usures) &#8211; \u00ab\u00a0Afrika-Karte\u00a0\u00bb Military map depicting the African continent. Year 1940\/41 Scale: 1:15,000,000 Folded format: 11.8&Prime; x 6.7&Prime; (As is, worn)<\/p>","protected":false},"featured_media":17256,"template":"","meta":[],"product_brand":[],"product_cat":[79],"product_tag":[],"class_list":{"0":"post-17602","1":"product","2":"type-product","3":"status-publish","4":"has-post-thumbnail","6":"product_cat-livres-documents-du-reich","8":"first","9":"instock","10":"sold-individually","11":"purchasable","12":"product-type-auction"},"aioseo_notices":[],"_links":{"self":[{"href":"https:\/\/military-classic-auction.com\/en\/wp-json\/wp\/v2\/product\/17602","targetHints":{"allow":["GET"]}}],"collection":[{"href":"https:\/\/military-classic-auction.com\/en\/wp-json\/wp\/v2\/product"}],"about":[{"href":"https:\/\/military-classic-auction.com\/en\/wp-json\/wp\/v2\/types\/product"}],"wp:featuredmedia":[{"embeddable":true,"href":"https:\/\/military-classic-auction.com\/en\/wp-json\/wp\/v2\/media\/17256"}],"wp:attachment":[{"href":"https:\/\/military-classic-auction.com\/en\/wp-json\/wp\/v2\/media?parent=17602"}],"wp:term":[{"taxonomy":"product_brand","embeddable":true,"href":"https:\/\/military-classic-auction.com\/en\/wp-json\/wp\/v2\/product_brand?post=17602"},{"taxonomy":"product_cat","embeddable":true,"href":"https:\/\/military-classic-auction.com\/en\/wp-json\/wp\/v2\/product_cat?post=17602"},{"taxonomy":"product_tag","embeddable":true,"href":"https:\/\/military-classic-auction.com\/en\/wp-json\/wp\/v2\/product_tag?post=17602"}],"curies":[{"name":"wp","href":"https:\/\/api.w.org\/{rel}","templated":true}]}}