{"id":17601,"date":"2025-04-03T10:55:49","date_gmt":"2025-04-03T08:55:49","guid":{"rendered":"https:\/\/military-classic-auction.com\/?post_type=product&#038;p=17601"},"modified":"2025-04-12T11:47:11","modified_gmt":"2025-04-12T09:47:11","slug":"ubersichtskarte-des-grosdeutsches-reiches","status":"publish","type":"product","link":"https:\/\/military-classic-auction.com\/en\/product\/ubersichtskarte-des-grosdeutsches-reiches\/","title":{"rendered":"\u00ab\u00a0\u00dcbersichtskarte des Gro\u00dfdeutsches Reiches\u00a0\u00bb"},"content":{"rendered":"<p>\u00ab\u00a0\u00dcbersichtskarte des Gro\u00dfdeutsches Reiches\u00a0\u00bb<br \/>\nCarte d&rsquo;ensemble du grand Reich allemand<br \/>\n\u00c9chelle : 1 : 1 000 000<br \/>\nAnn\u00e9e 1941<br \/>\nFormat pli\u00e9e : 31 x 21 cm<br \/>\nFormat : 160 x 120cm<br \/>\n(En l&rsquo;\u00e9tat, usures)<br \/>\n&#8211;<br \/>\n\u00ab\u00a0\u00dcbersichtskarte des Gro\u00dfdeutsches Reiches\u00a0\u00bb (Overview map of the Great German Reich)<br \/>\nOverview map of the Greater German Reich<br \/>\nScale: 1:1,000,000<br \/>\nYear 1941<br \/>\nFolded format: 12.2&Prime; x 8.2&Prime;<br \/>\nFormat: 160 x 120cm<br \/>\n(As is, worn)<\/p>","protected":false},"excerpt":{"rendered":"<p>\u00ab\u00a0\u00dcbersichtskarte des Gro\u00dfdeutsches Reiches\u00a0\u00bb Carte d&rsquo;ensemble du grand Reich allemand \u00c9chelle : 1 : 1 000 000 Ann\u00e9e 1941 Format pli\u00e9e : 31 x 21 cm Format : 160 x 120cm (En l&rsquo;\u00e9tat, usures) &#8211; \u00ab\u00a0\u00dcbersichtskarte des Gro\u00dfdeutsches Reiches\u00a0\u00bb (Overview map of the Great German Reich) Overview map of the Greater German Reich Scale: 1:1,000,000<a class=\"more-link\" href=\"https:\/\/military-classic-auction.com\/en\/product\/ubersichtskarte-des-grosdeutsches-reiches\/\">Read more  &#10230;<\/a><\/p>","protected":false},"featured_media":17253,"template":"","meta":[],"product_brand":[],"product_cat":[79],"product_tag":[],"class_list":{"0":"post-17601","1":"product","2":"type-product","3":"status-publish","4":"has-post-thumbnail","6":"product_cat-livres-documents-du-reich","8":"first","9":"instock","10":"sold-individually","11":"purchasable","12":"product-type-auction"},"aioseo_notices":[],"_links":{"self":[{"href":"https:\/\/military-classic-auction.com\/en\/wp-json\/wp\/v2\/product\/17601","targetHints":{"allow":["GET"]}}],"collection":[{"href":"https:\/\/military-classic-auction.com\/en\/wp-json\/wp\/v2\/product"}],"about":[{"href":"https:\/\/military-classic-auction.com\/en\/wp-json\/wp\/v2\/types\/product"}],"wp:featuredmedia":[{"embeddable":true,"href":"https:\/\/military-classic-auction.com\/en\/wp-json\/wp\/v2\/media\/17253"}],"wp:attachment":[{"href":"https:\/\/military-classic-auction.com\/en\/wp-json\/wp\/v2\/media?parent=17601"}],"wp:term":[{"taxonomy":"product_brand","embeddable":true,"href":"https:\/\/military-classic-auction.com\/en\/wp-json\/wp\/v2\/product_brand?post=17601"},{"taxonomy":"product_cat","embeddable":true,"href":"https:\/\/military-classic-auction.com\/en\/wp-json\/wp\/v2\/product_cat?post=17601"},{"taxonomy":"product_tag","embeddable":true,"href":"https:\/\/military-classic-auction.com\/en\/wp-json\/wp\/v2\/product_tag?post=17601"}],"curies":[{"name":"wp","href":"https:\/\/api.w.org\/{rel}","templated":true}]}}