{"id":17599,"date":"2025-04-03T10:55:46","date_gmt":"2025-04-03T08:55:46","guid":{"rendered":"https:\/\/military-classic-auction.com\/?post_type=product&#038;p=17599"},"modified":"2025-04-03T10:55:47","modified_gmt":"2025-04-03T08:55:47","slug":"militargeographische-beschreibung-von-frankreich-mappe-c","status":"publish","type":"product","link":"https:\/\/military-classic-auction.com\/en\/product\/militargeographische-beschreibung-von-frankreich-mappe-c\/","title":{"rendered":"\u00ab\u00a0Milit\u00e4rgeographische Beschreibung von Frankreich\u00a0\u00bb &#8211; Mappe C"},"content":{"rendered":"<p>\u00ab\u00a0Milit\u00e4rgeographische Beschreibung von Frankreich\u00a0\u00bb &#8211; Mappe C<br \/>\nMappe C &#8211; Teil III &#8211; comprenant 8 cartes du sud est de la France.<br \/>\nAnn\u00e9e 1940<br \/>\nFormat : 16 x 22 cm<br \/>\n(En l&rsquo;\u00e9tat, usures, d\u00e9chirures sur \u00e9tui)<br \/>\n&#8211;<br \/>\n\u00ab\u00a0Milit\u00e4rgeographische Beschreibung von Frankreich\u00a0\u00bb &#8211; Mappe C<br \/>\nMappe C &#8211; Teil III &#8211; comprising 8 maps of south-eastern France.<br \/>\nYear 1940<br \/>\nFormat: 6.3&Prime; x 8.6&Prime;<br \/>\n(As is, wear, tears on case)<\/p>","protected":false},"excerpt":{"rendered":"<p>\u00ab\u00a0Milit\u00e4rgeographische Beschreibung von Frankreich\u00a0\u00bb &#8211; Mappe C Mappe C &#8211; Teil III &#8211; comprenant 8 cartes du sud est de la France. Ann\u00e9e 1940 Format : 16 x 22 cm (En l&rsquo;\u00e9tat, usures, d\u00e9chirures sur \u00e9tui) &#8211; \u00ab\u00a0Milit\u00e4rgeographische Beschreibung von Frankreich\u00a0\u00bb &#8211; Mappe C Mappe C &#8211; Teil III &#8211; comprising 8 maps of south-eastern<a class=\"more-link\" href=\"https:\/\/military-classic-auction.com\/en\/product\/militargeographische-beschreibung-von-frankreich-mappe-c\/\">Read more  &#10230;<\/a><\/p>","protected":false},"featured_media":17245,"template":"","meta":[],"product_brand":[],"product_cat":[79],"product_tag":[],"class_list":{"0":"post-17599","1":"product","2":"type-product","3":"status-publish","4":"has-post-thumbnail","6":"product_cat-livres-documents-du-reich","8":"first","9":"instock","10":"sold-individually","11":"purchasable","12":"product-type-auction"},"aioseo_notices":[],"_links":{"self":[{"href":"https:\/\/military-classic-auction.com\/en\/wp-json\/wp\/v2\/product\/17599","targetHints":{"allow":["GET"]}}],"collection":[{"href":"https:\/\/military-classic-auction.com\/en\/wp-json\/wp\/v2\/product"}],"about":[{"href":"https:\/\/military-classic-auction.com\/en\/wp-json\/wp\/v2\/types\/product"}],"wp:featuredmedia":[{"embeddable":true,"href":"https:\/\/military-classic-auction.com\/en\/wp-json\/wp\/v2\/media\/17245"}],"wp:attachment":[{"href":"https:\/\/military-classic-auction.com\/en\/wp-json\/wp\/v2\/media?parent=17599"}],"wp:term":[{"taxonomy":"product_brand","embeddable":true,"href":"https:\/\/military-classic-auction.com\/en\/wp-json\/wp\/v2\/product_brand?post=17599"},{"taxonomy":"product_cat","embeddable":true,"href":"https:\/\/military-classic-auction.com\/en\/wp-json\/wp\/v2\/product_cat?post=17599"},{"taxonomy":"product_tag","embeddable":true,"href":"https:\/\/military-classic-auction.com\/en\/wp-json\/wp\/v2\/product_tag?post=17599"}],"curies":[{"name":"wp","href":"https:\/\/api.w.org\/{rel}","templated":true}]}}