{"id":17597,"date":"2025-04-03T10:55:43","date_gmt":"2025-04-03T08:55:43","guid":{"rendered":"https:\/\/military-classic-auction.com\/?post_type=product&#038;p=17597"},"modified":"2025-04-12T11:52:53","modified_gmt":"2025-04-12T09:52:53","slug":"osteuropa-und-naher-osten","status":"publish","type":"product","link":"https:\/\/military-classic-auction.com\/en\/product\/osteuropa-und-naher-osten\/","title":{"rendered":"\u00ab\u00a0Osteuropa und naher osten\u00a0\u00bb"},"content":{"rendered":"<p>\u00ab\u00a0Osteuropa und naher osten\u00a0\u00bb<br \/>\nCarte de l&rsquo;Europe de l&rsquo;ouest<br \/>\nAnn\u00e9e 1942<br \/>\nFormat : 24 x 18 cm<br \/>\n(En l&rsquo;\u00e9tat, usures, d\u00e9chirures)<br \/>\n&#8211;<br \/>\n\u00ab\u00a0Osteuropa und naher osten\u00a0\u00bb<br \/>\nMap of Western Europe<br \/>\nYear 1942<br \/>\nFormat: 9.4&Prime; x 7&Prime;<br \/>\n(As is, wear, tears) <\/p>","protected":false},"excerpt":{"rendered":"<p>\u00ab\u00a0Osteuropa und naher osten\u00a0\u00bb Carte de l&rsquo;Europe de l&rsquo;ouest Ann\u00e9e 1942 Format : 24 x 18 cm (En l&rsquo;\u00e9tat, usures, d\u00e9chirures) &#8211; \u00ab\u00a0Osteuropa und naher osten\u00a0\u00bb Map of Western Europe Year 1942 Format: 9.4&Prime; x 7&Prime; (As is, wear, tears)<\/p>","protected":false},"featured_media":17238,"template":"","meta":[],"product_brand":[],"product_cat":[79],"product_tag":[],"class_list":{"0":"post-17597","1":"product","2":"type-product","3":"status-publish","4":"has-post-thumbnail","6":"product_cat-livres-documents-du-reich","8":"first","9":"instock","10":"sold-individually","11":"purchasable","12":"product-type-auction"},"aioseo_notices":[],"_links":{"self":[{"href":"https:\/\/military-classic-auction.com\/en\/wp-json\/wp\/v2\/product\/17597","targetHints":{"allow":["GET"]}}],"collection":[{"href":"https:\/\/military-classic-auction.com\/en\/wp-json\/wp\/v2\/product"}],"about":[{"href":"https:\/\/military-classic-auction.com\/en\/wp-json\/wp\/v2\/types\/product"}],"wp:featuredmedia":[{"embeddable":true,"href":"https:\/\/military-classic-auction.com\/en\/wp-json\/wp\/v2\/media\/17238"}],"wp:attachment":[{"href":"https:\/\/military-classic-auction.com\/en\/wp-json\/wp\/v2\/media?parent=17597"}],"wp:term":[{"taxonomy":"product_brand","embeddable":true,"href":"https:\/\/military-classic-auction.com\/en\/wp-json\/wp\/v2\/product_brand?post=17597"},{"taxonomy":"product_cat","embeddable":true,"href":"https:\/\/military-classic-auction.com\/en\/wp-json\/wp\/v2\/product_cat?post=17597"},{"taxonomy":"product_tag","embeddable":true,"href":"https:\/\/military-classic-auction.com\/en\/wp-json\/wp\/v2\/product_tag?post=17597"}],"curies":[{"name":"wp","href":"https:\/\/api.w.org\/{rel}","templated":true}]}}