{"id":17595,"date":"2025-04-03T10:55:38","date_gmt":"2025-04-03T08:55:38","guid":{"rendered":"https:\/\/military-classic-auction.com\/?post_type=product&#038;p=17595"},"modified":"2025-04-12T08:32:25","modified_gmt":"2025-04-12T06:32:25","slug":"reichskarte-grosblatt-37","status":"publish","type":"product","link":"https:\/\/military-classic-auction.com\/en\/product\/reichskarte-grosblatt-37\/","title":{"rendered":"\u00ab\u00a0Reichskarte Grosblatt  37\u00a0\u00bb"},"content":{"rendered":"<p>\u00ab\u00a0Reichskarte Grosblatt  37\u00a0\u00bb<br \/>\nCarte de l&rsquo;Allemagne.<br \/>\n\u00c9chelle : 1 : 100 000<br \/>\nAnn\u00e9e 1940<br \/>\nFormat : 22 x 14cm<br \/>\n(En l&rsquo;\u00e9tat, usures)<br \/>\n&#8211;<br \/>\n\u00ab\u00a0Reichskarte Grosblatt 37<br \/>\nMap of Germany.<br \/>\nScale: 1:100,000<br \/>\nYear 1940<br \/>\nFormat: 8.6&Prime; x 5.5\u00a0\u00bb<br \/>\n(As is, worn)<\/p>","protected":false},"excerpt":{"rendered":"<p>\u00ab\u00a0Reichskarte Grosblatt 37\u00a0\u00bb Carte de l&rsquo;Allemagne. \u00c9chelle : 1 : 100 000 Ann\u00e9e 1940 Format : 22 x 14cm (En l&rsquo;\u00e9tat, usures) &#8211; \u00ab\u00a0Reichskarte Grosblatt 37 Map of Germany. Scale: 1:100,000 Year 1940 Format: 8.6&Prime; x 5.5\u00a0\u00bb (As is, worn)<\/p>","protected":false},"featured_media":17231,"template":"","meta":[],"product_brand":[],"product_cat":[79],"product_tag":[],"class_list":{"0":"post-17595","1":"product","2":"type-product","3":"status-publish","4":"has-post-thumbnail","6":"product_cat-livres-documents-du-reich","8":"first","9":"instock","10":"sold-individually","11":"purchasable","12":"product-type-auction"},"aioseo_notices":[],"_links":{"self":[{"href":"https:\/\/military-classic-auction.com\/en\/wp-json\/wp\/v2\/product\/17595","targetHints":{"allow":["GET"]}}],"collection":[{"href":"https:\/\/military-classic-auction.com\/en\/wp-json\/wp\/v2\/product"}],"about":[{"href":"https:\/\/military-classic-auction.com\/en\/wp-json\/wp\/v2\/types\/product"}],"wp:featuredmedia":[{"embeddable":true,"href":"https:\/\/military-classic-auction.com\/en\/wp-json\/wp\/v2\/media\/17231"}],"wp:attachment":[{"href":"https:\/\/military-classic-auction.com\/en\/wp-json\/wp\/v2\/media?parent=17595"}],"wp:term":[{"taxonomy":"product_brand","embeddable":true,"href":"https:\/\/military-classic-auction.com\/en\/wp-json\/wp\/v2\/product_brand?post=17595"},{"taxonomy":"product_cat","embeddable":true,"href":"https:\/\/military-classic-auction.com\/en\/wp-json\/wp\/v2\/product_cat?post=17595"},{"taxonomy":"product_tag","embeddable":true,"href":"https:\/\/military-classic-auction.com\/en\/wp-json\/wp\/v2\/product_tag?post=17595"}],"curies":[{"name":"wp","href":"https:\/\/api.w.org\/{rel}","templated":true}]}}