{"id":17594,"date":"2025-04-03T10:55:35","date_gmt":"2025-04-03T08:55:35","guid":{"rendered":"https:\/\/military-classic-auction.com\/?post_type=product&#038;p=17594"},"modified":"2025-04-03T10:55:37","modified_gmt":"2025-04-03T08:55:37","slug":"unterrichtsbuch-fur-soldaten-wehrmacht","status":"publish","type":"product","link":"https:\/\/military-classic-auction.com\/en\/product\/unterrichtsbuch-fur-soldaten-wehrmacht\/","title":{"rendered":"\u00ab\u00a0Unterrichtsbuch f\u00fcr soldaten\u00a0\u00bb &#8211; Wehrmacht"},"content":{"rendered":"<p>\u00ab\u00a0Unterrichtsbuch f\u00fcr soldaten\u00a0\u00bb &#8211; Wehrmacht<br \/>\nManuel pour le jeune militaire avec illustrations NB &#038; couleur.<br \/>\nNominatif.<br \/>\n\u00c9dition : Von hauptmann Weber,<br \/>\nAnn\u00e9e 1939<br \/>\nFormat : 19 x 13cm<br \/>\n296 pages<br \/>\n(En l&rsquo;\u00e9tat, usures)<br \/>\n&#8211;<br \/>\n\u00ab\u00a0Unterrichtsbuch f\u00fcr soldaten\u00a0\u00bb &#8211; Wehrmacht<br \/>\nManual for the young soldier with NB &#038; color illustrations.<br \/>\nNominative.<br \/>\nPublished by Von Hauptmann Weber,<br \/>\nYear 1939<br \/>\nFormat: 7.4&Prime; x 5.1&Prime;<br \/>\n296 pages<br \/>\n(As is, wear)<\/p>","protected":false},"excerpt":{"rendered":"<p>\u00ab\u00a0Unterrichtsbuch f\u00fcr soldaten\u00a0\u00bb &#8211; Wehrmacht Manuel pour le jeune militaire avec illustrations NB &#038; couleur. Nominatif. \u00c9dition : Von hauptmann Weber, Ann\u00e9e 1939 Format : 19 x 13cm 296 pages (En l&rsquo;\u00e9tat, usures) &#8211; \u00ab\u00a0Unterrichtsbuch f\u00fcr soldaten\u00a0\u00bb &#8211; Wehrmacht Manual for the young soldier with NB &#038; color illustrations. Nominative. Published by Von Hauptmann Weber,<a class=\"more-link\" href=\"https:\/\/military-classic-auction.com\/en\/product\/unterrichtsbuch-fur-soldaten-wehrmacht\/\">Read more  &#10230;<\/a><\/p>","protected":false},"featured_media":17227,"template":"","meta":[],"product_brand":[],"product_cat":[79],"product_tag":[],"class_list":{"0":"post-17594","1":"product","2":"type-product","3":"status-publish","4":"has-post-thumbnail","6":"product_cat-livres-documents-du-reich","8":"first","9":"instock","10":"sold-individually","11":"purchasable","12":"product-type-auction"},"aioseo_notices":[],"_links":{"self":[{"href":"https:\/\/military-classic-auction.com\/en\/wp-json\/wp\/v2\/product\/17594","targetHints":{"allow":["GET"]}}],"collection":[{"href":"https:\/\/military-classic-auction.com\/en\/wp-json\/wp\/v2\/product"}],"about":[{"href":"https:\/\/military-classic-auction.com\/en\/wp-json\/wp\/v2\/types\/product"}],"wp:featuredmedia":[{"embeddable":true,"href":"https:\/\/military-classic-auction.com\/en\/wp-json\/wp\/v2\/media\/17227"}],"wp:attachment":[{"href":"https:\/\/military-classic-auction.com\/en\/wp-json\/wp\/v2\/media?parent=17594"}],"wp:term":[{"taxonomy":"product_brand","embeddable":true,"href":"https:\/\/military-classic-auction.com\/en\/wp-json\/wp\/v2\/product_brand?post=17594"},{"taxonomy":"product_cat","embeddable":true,"href":"https:\/\/military-classic-auction.com\/en\/wp-json\/wp\/v2\/product_cat?post=17594"},{"taxonomy":"product_tag","embeddable":true,"href":"https:\/\/military-classic-auction.com\/en\/wp-json\/wp\/v2\/product_tag?post=17594"}],"curies":[{"name":"wp","href":"https:\/\/api.w.org\/{rel}","templated":true}]}}