{"id":17592,"date":"2025-04-03T10:55:33","date_gmt":"2025-04-03T08:55:33","guid":{"rendered":"https:\/\/military-classic-auction.com\/?post_type=product&#038;p=17592"},"modified":"2025-04-03T10:55:33","modified_gmt":"2025-04-03T08:55:33","slug":"kraftfahrdorschrift-fur-alle-waffen","status":"publish","type":"product","link":"https:\/\/military-classic-auction.com\/en\/product\/kraftfahrdorschrift-fur-alle-waffen\/","title":{"rendered":"\u00ab\u00a0Kraftfahrdorschrift f\u00fcr alle waffen\u00a0\u00bb"},"content":{"rendered":"<p>\u00ab\u00a0Kraftfahrdorschrift f\u00fcr alle waffen\u00a0\u00bb<br \/>\nManuel de r\u00e9glementation sur les v\u00e9hicules pour les armes<br \/>\nAnn\u00e9e 1938<br \/>\nFormat : 14,5 x 10,5 cm<br \/>\n136 pages<br \/>\n(En l&rsquo;\u00e9tat, usures)<br \/>\n&#8211;<br \/>\n\u00ab\u00a0Kraftfahrdorschrift f\u00fcr alle waffen<br \/>\nManual of vehicle regulations for weapons<br \/>\nYear 1938<br \/>\nFormat: 5.7&Prime; x 4.1\u00a0\u00bb<br \/>\n136 pages<br \/>\n(As is, worn)<\/p>","protected":false},"excerpt":{"rendered":"<p>\u00ab\u00a0Kraftfahrdorschrift f\u00fcr alle waffen\u00a0\u00bb Manuel de r\u00e9glementation sur les v\u00e9hicules pour les armes Ann\u00e9e 1938 Format : 14,5 x 10,5 cm 136 pages (En l&rsquo;\u00e9tat, usures) &#8211; \u00ab\u00a0Kraftfahrdorschrift f\u00fcr alle waffen Manual of vehicle regulations for weapons Year 1938 Format: 5.7&Prime; x 4.1\u00a0\u00bb 136 pages (As is, worn)<\/p>","protected":false},"featured_media":17214,"template":"","meta":[],"product_brand":[],"product_cat":[79],"product_tag":[],"class_list":{"0":"post-17592","1":"product","2":"type-product","3":"status-publish","4":"has-post-thumbnail","6":"product_cat-livres-documents-du-reich","8":"first","9":"instock","10":"sold-individually","11":"purchasable","12":"product-type-auction"},"aioseo_notices":[],"_links":{"self":[{"href":"https:\/\/military-classic-auction.com\/en\/wp-json\/wp\/v2\/product\/17592","targetHints":{"allow":["GET"]}}],"collection":[{"href":"https:\/\/military-classic-auction.com\/en\/wp-json\/wp\/v2\/product"}],"about":[{"href":"https:\/\/military-classic-auction.com\/en\/wp-json\/wp\/v2\/types\/product"}],"wp:featuredmedia":[{"embeddable":true,"href":"https:\/\/military-classic-auction.com\/en\/wp-json\/wp\/v2\/media\/17214"}],"wp:attachment":[{"href":"https:\/\/military-classic-auction.com\/en\/wp-json\/wp\/v2\/media?parent=17592"}],"wp:term":[{"taxonomy":"product_brand","embeddable":true,"href":"https:\/\/military-classic-auction.com\/en\/wp-json\/wp\/v2\/product_brand?post=17592"},{"taxonomy":"product_cat","embeddable":true,"href":"https:\/\/military-classic-auction.com\/en\/wp-json\/wp\/v2\/product_cat?post=17592"},{"taxonomy":"product_tag","embeddable":true,"href":"https:\/\/military-classic-auction.com\/en\/wp-json\/wp\/v2\/product_tag?post=17592"}],"curies":[{"name":"wp","href":"https:\/\/api.w.org\/{rel}","templated":true}]}}