{"id":17589,"date":"2025-04-03T10:55:29","date_gmt":"2025-04-03T08:55:29","guid":{"rendered":"https:\/\/military-classic-auction.com\/?post_type=product&#038;p=17589"},"modified":"2025-04-12T11:50:49","modified_gmt":"2025-04-12T09:50:49","slug":"die-waffenausbildung-in-der-flakartillerie","status":"publish","type":"product","link":"https:\/\/military-classic-auction.com\/en\/product\/die-waffenausbildung-in-der-flakartillerie\/","title":{"rendered":"\u00ab\u00a0Die waffenausbildung in der flakartillerie\u00a0\u00bb"},"content":{"rendered":"<p>\u00ab\u00a0Die waffenausbildung in der flakartillerie\u00a0\u00bb<br \/>\nMajor Helmut Derpa de la s\u00e9rie \u00ab\u00a0Handbucher der Luftwaffe\u00a0\u00bb<br \/>\nManuel de formation au fonctionnement du canon d&rsquo;artillerie antia\u00e9rienne 2cm Flak 30<br \/>\nAnn\u00e9e 1940<br \/>\nFormat : 19,5 x 14 cm<br \/>\n142 pages<br \/>\n(En l&rsquo;\u00e9tat, usures)<br \/>\n&#8211;<br \/>\n\u00ab\u00a0Die waffenausbildung in der flakartillerie\u00a0\u00bb.<br \/>\nMajor Helmut Derpa from the \u00ab\u00a0Handbucher der Luftwaffe\u00a0\u00bb series<br \/>\nTraining manual for the operation of the 2cm Flak 30 anti-aircraft artillery gun<br \/>\nYear 1940<br \/>\nFormat: 7.6&Prime; x 5.5&Prime;<br \/>\n142 pages<br \/>\n(As is, worn)<\/p>","protected":false},"excerpt":{"rendered":"<p>\u00ab\u00a0Die waffenausbildung in der flakartillerie\u00a0\u00bb Major Helmut Derpa de la s\u00e9rie \u00ab\u00a0Handbucher der Luftwaffe\u00a0\u00bb Manuel de formation au fonctionnement du canon d&rsquo;artillerie antia\u00e9rienne 2cm Flak 30 Ann\u00e9e 1940 Format : 19,5 x 14 cm 142 pages (En l&rsquo;\u00e9tat, usures) &#8211; \u00ab\u00a0Die waffenausbildung in der flakartillerie\u00a0\u00bb. Major Helmut Derpa from the \u00ab\u00a0Handbucher der Luftwaffe\u00a0\u00bb series Training<a class=\"more-link\" href=\"https:\/\/military-classic-auction.com\/en\/product\/die-waffenausbildung-in-der-flakartillerie\/\">Read more  &#10230;<\/a><\/p>","protected":false},"featured_media":17201,"template":"","meta":[],"product_brand":[],"product_cat":[79],"product_tag":[],"class_list":{"0":"post-17589","1":"product","2":"type-product","3":"status-publish","4":"has-post-thumbnail","6":"product_cat-livres-documents-du-reich","8":"first","9":"instock","10":"sold-individually","11":"purchasable","12":"product-type-auction"},"aioseo_notices":[],"_links":{"self":[{"href":"https:\/\/military-classic-auction.com\/en\/wp-json\/wp\/v2\/product\/17589","targetHints":{"allow":["GET"]}}],"collection":[{"href":"https:\/\/military-classic-auction.com\/en\/wp-json\/wp\/v2\/product"}],"about":[{"href":"https:\/\/military-classic-auction.com\/en\/wp-json\/wp\/v2\/types\/product"}],"wp:featuredmedia":[{"embeddable":true,"href":"https:\/\/military-classic-auction.com\/en\/wp-json\/wp\/v2\/media\/17201"}],"wp:attachment":[{"href":"https:\/\/military-classic-auction.com\/en\/wp-json\/wp\/v2\/media?parent=17589"}],"wp:term":[{"taxonomy":"product_brand","embeddable":true,"href":"https:\/\/military-classic-auction.com\/en\/wp-json\/wp\/v2\/product_brand?post=17589"},{"taxonomy":"product_cat","embeddable":true,"href":"https:\/\/military-classic-auction.com\/en\/wp-json\/wp\/v2\/product_cat?post=17589"},{"taxonomy":"product_tag","embeddable":true,"href":"https:\/\/military-classic-auction.com\/en\/wp-json\/wp\/v2\/product_tag?post=17589"}],"curies":[{"name":"wp","href":"https:\/\/api.w.org\/{rel}","templated":true}]}}