{"id":17588,"date":"2025-04-03T10:55:28","date_gmt":"2025-04-03T08:55:28","guid":{"rendered":"https:\/\/military-classic-auction.com\/?post_type=product&#038;p=17588"},"modified":"2025-04-03T10:55:29","modified_gmt":"2025-04-03T08:55:29","slug":"catalogue-des-produits-du-fabricant-assmann-sohne","status":"publish","type":"product","link":"https:\/\/military-classic-auction.com\/en\/product\/catalogue-des-produits-du-fabricant-assmann-sohne\/","title":{"rendered":"Catalogue des produits du fabricant Assmann &#038; S\u00f6hne"},"content":{"rendered":"<p>Catalogue des produits du fabricant Assmann &#038; S\u00f6hne<br \/>\nRare exemplaire original du catalogue imprim\u00e9 produit par le c\u00e9l\u00e8bre fabricant d&rsquo;insignes et de badges sous le Troisi\u00e8me Reich (boucles, insignes, boutons, brevets,,,)<br \/>\nReliure par deux vis.<br \/>\nF.W.Assmann &#038; S\u00f6hne<br \/>\nAnn\u00e9e 1937<br \/>\nFormat : 32 x 24,5cm<br \/>\n90 pages<br \/>\n(En l&rsquo;\u00e9tat, usures)<br \/>\n&#8211;<br \/>\nProduct catalog of manufacturer Assmann &#038; S\u00f6hne<br \/>\nRare original copy of the printed catalog produced by the famous manufacturer of badges and insignia during the Third Reich (buckles, badges, buttons, patents, etc.).<br \/>\nBound with two screws.<br \/>\nF.W.Assmann &#038; S\u00f6hne<br \/>\nYear 1937<br \/>\nFormat: 12.6&Prime; x 9.6&Prime;<br \/>\n90 pages<br \/>\n(As is, worn)<\/p>","protected":false},"excerpt":{"rendered":"<p>Catalogue des produits du fabricant Assmann &#038; S\u00f6hne Rare exemplaire original du catalogue imprim\u00e9 produit par le c\u00e9l\u00e8bre fabricant d&rsquo;insignes et de badges sous le Troisi\u00e8me Reich (boucles, insignes, boutons, brevets,,,) Reliure par deux vis. F.W.Assmann &#038; S\u00f6hne Ann\u00e9e 1937 Format : 32 x 24,5cm 90 pages (En l&rsquo;\u00e9tat, usures) &#8211; Product catalog of manufacturer<a class=\"more-link\" href=\"https:\/\/military-classic-auction.com\/en\/product\/catalogue-des-produits-du-fabricant-assmann-sohne\/\">Read more  &#10230;<\/a><\/p>","protected":false},"featured_media":17193,"template":"","meta":[],"product_brand":[],"product_cat":[79],"product_tag":[],"class_list":{"0":"post-17588","1":"product","2":"type-product","3":"status-publish","4":"has-post-thumbnail","6":"product_cat-livres-documents-du-reich","8":"first","9":"instock","10":"sold-individually","11":"purchasable","12":"product-type-auction"},"aioseo_notices":[],"_links":{"self":[{"href":"https:\/\/military-classic-auction.com\/en\/wp-json\/wp\/v2\/product\/17588","targetHints":{"allow":["GET"]}}],"collection":[{"href":"https:\/\/military-classic-auction.com\/en\/wp-json\/wp\/v2\/product"}],"about":[{"href":"https:\/\/military-classic-auction.com\/en\/wp-json\/wp\/v2\/types\/product"}],"wp:featuredmedia":[{"embeddable":true,"href":"https:\/\/military-classic-auction.com\/en\/wp-json\/wp\/v2\/media\/17193"}],"wp:attachment":[{"href":"https:\/\/military-classic-auction.com\/en\/wp-json\/wp\/v2\/media?parent=17588"}],"wp:term":[{"taxonomy":"product_brand","embeddable":true,"href":"https:\/\/military-classic-auction.com\/en\/wp-json\/wp\/v2\/product_brand?post=17588"},{"taxonomy":"product_cat","embeddable":true,"href":"https:\/\/military-classic-auction.com\/en\/wp-json\/wp\/v2\/product_cat?post=17588"},{"taxonomy":"product_tag","embeddable":true,"href":"https:\/\/military-classic-auction.com\/en\/wp-json\/wp\/v2\/product_tag?post=17588"}],"curies":[{"name":"wp","href":"https:\/\/api.w.org\/{rel}","templated":true}]}}