{"id":17586,"date":"2025-04-03T10:55:24","date_gmt":"2025-04-03T08:55:24","guid":{"rendered":"https:\/\/military-classic-auction.com\/?post_type=product&#038;p=17586"},"modified":"2025-04-12T08:28:59","modified_gmt":"2025-04-12T06:28:59","slug":"kreismeisterschaften","status":"publish","type":"product","link":"https:\/\/military-classic-auction.com\/en\/product\/kreismeisterschaften\/","title":{"rendered":"\u00ab\u00a0Kreismeisterschaften\u00a0\u00bb"},"content":{"rendered":"<p>\u00ab\u00a0Kreismeisterschaften\u00a0\u00bb<br \/>\nDipl\u00f4me championnat triathlon.<br \/>\nPalme en bronze.<br \/>\nAnn\u00e9e 1937<br \/>\nFormat : 15,5 x 12 cm<br \/>\n(En l&rsquo;\u00e9tat, usures)<br \/>\n&#8211;<br \/>\n\u00ab\u00a0Kreismeisterschaften<br \/>\nDiploma triathlon championship.<br \/>\nBronze palm.<br \/>\nYear 1937<br \/>\nFormat: 6.1&Prime; x 4.7\u00a0\u00bb<br \/>\n(As is, worn)<\/p>","protected":false},"excerpt":{"rendered":"<p>\u00ab\u00a0Kreismeisterschaften\u00a0\u00bb Dipl\u00f4me championnat triathlon. Palme en bronze. Ann\u00e9e 1937 Format : 15,5 x 12 cm (En l&rsquo;\u00e9tat, usures) &#8211; \u00ab\u00a0Kreismeisterschaften Diploma triathlon championship. Bronze palm. Year 1937 Format: 6.1&Prime; x 4.7\u00a0\u00bb (As is, worn)<\/p>","protected":false},"featured_media":17181,"template":"","meta":[],"product_brand":[],"product_cat":[79],"product_tag":[],"class_list":{"0":"post-17586","1":"product","2":"type-product","3":"status-publish","4":"has-post-thumbnail","6":"product_cat-livres-documents-du-reich","8":"first","9":"instock","10":"sold-individually","11":"purchasable","12":"product-type-auction"},"aioseo_notices":[],"_links":{"self":[{"href":"https:\/\/military-classic-auction.com\/en\/wp-json\/wp\/v2\/product\/17586","targetHints":{"allow":["GET"]}}],"collection":[{"href":"https:\/\/military-classic-auction.com\/en\/wp-json\/wp\/v2\/product"}],"about":[{"href":"https:\/\/military-classic-auction.com\/en\/wp-json\/wp\/v2\/types\/product"}],"wp:featuredmedia":[{"embeddable":true,"href":"https:\/\/military-classic-auction.com\/en\/wp-json\/wp\/v2\/media\/17181"}],"wp:attachment":[{"href":"https:\/\/military-classic-auction.com\/en\/wp-json\/wp\/v2\/media?parent=17586"}],"wp:term":[{"taxonomy":"product_brand","embeddable":true,"href":"https:\/\/military-classic-auction.com\/en\/wp-json\/wp\/v2\/product_brand?post=17586"},{"taxonomy":"product_cat","embeddable":true,"href":"https:\/\/military-classic-auction.com\/en\/wp-json\/wp\/v2\/product_cat?post=17586"},{"taxonomy":"product_tag","embeddable":true,"href":"https:\/\/military-classic-auction.com\/en\/wp-json\/wp\/v2\/product_tag?post=17586"}],"curies":[{"name":"wp","href":"https:\/\/api.w.org\/{rel}","templated":true}]}}