{"id":17579,"date":"2025-04-03T10:55:16","date_gmt":"2025-04-03T08:55:16","guid":{"rendered":"https:\/\/military-classic-auction.com\/?post_type=product&#038;p=17579"},"modified":"2025-04-12T09:06:48","modified_gmt":"2025-04-12T07:06:48","slug":"kampf-unter-der-kriegsflagge","status":"publish","type":"product","link":"https:\/\/military-classic-auction.com\/en\/product\/kampf-unter-der-kriegsflagge\/","title":{"rendered":"\u00ab\u00a0Kampf \u00fcnter der Kriegsflagge\u00a0\u00bb"},"content":{"rendered":"<p>\u00ab\u00a0Kampf \u00fcnter der Kriegsflagge\u00a0\u00bb<br \/>\nDossier photo du d\u00e9ploiement de la Kriegsmarine 18 illustrations NB &#038; C &#038; 14 photos NB<br \/>\nAnn\u00e9e 1943<br \/>\nFormat : 30,5 x 21,5 cm<br \/>\n(En l&rsquo;\u00e9tat, usures, traces humidit\u00e9)<br \/>\n&#8211;<br \/>\n\u00ab\u00a0Kampf \u00fcnter der Kriegsflagge\u00a0\u00bb (Kampf \u00fcnter der Kriegsflagge)<br \/>\nPhoto file of the Kriegsmarine deployment 18 illustrations NB &#038; C &#038; 14 photos NB<br \/>\nYear 1943<br \/>\nFormat: 12&Prime; x 8.4&Prime;<br \/>\n(As is, wear, traces of humidity)<\/p>","protected":false},"excerpt":{"rendered":"<p>\u00ab\u00a0Kampf \u00fcnter der Kriegsflagge\u00a0\u00bb Dossier photo du d\u00e9ploiement de la Kriegsmarine 18 illustrations NB &#038; C &#038; 14 photos NB Ann\u00e9e 1943 Format : 30,5 x 21,5 cm (En l&rsquo;\u00e9tat, usures, traces humidit\u00e9) &#8211; \u00ab\u00a0Kampf \u00fcnter der Kriegsflagge\u00a0\u00bb (Kampf \u00fcnter der Kriegsflagge) Photo file of the Kriegsmarine deployment 18 illustrations NB &#038; C &#038; 14<a class=\"more-link\" href=\"https:\/\/military-classic-auction.com\/en\/product\/kampf-unter-der-kriegsflagge\/\">Read more  &#10230;<\/a><\/p>","protected":false},"featured_media":17151,"template":"","meta":[],"product_brand":[],"product_cat":[79],"product_tag":[],"class_list":{"0":"post-17579","1":"product","2":"type-product","3":"status-publish","4":"has-post-thumbnail","6":"product_cat-livres-documents-du-reich","8":"first","9":"instock","10":"sold-individually","11":"purchasable","12":"product-type-auction"},"aioseo_notices":[],"_links":{"self":[{"href":"https:\/\/military-classic-auction.com\/en\/wp-json\/wp\/v2\/product\/17579","targetHints":{"allow":["GET"]}}],"collection":[{"href":"https:\/\/military-classic-auction.com\/en\/wp-json\/wp\/v2\/product"}],"about":[{"href":"https:\/\/military-classic-auction.com\/en\/wp-json\/wp\/v2\/types\/product"}],"wp:featuredmedia":[{"embeddable":true,"href":"https:\/\/military-classic-auction.com\/en\/wp-json\/wp\/v2\/media\/17151"}],"wp:attachment":[{"href":"https:\/\/military-classic-auction.com\/en\/wp-json\/wp\/v2\/media?parent=17579"}],"wp:term":[{"taxonomy":"product_brand","embeddable":true,"href":"https:\/\/military-classic-auction.com\/en\/wp-json\/wp\/v2\/product_brand?post=17579"},{"taxonomy":"product_cat","embeddable":true,"href":"https:\/\/military-classic-auction.com\/en\/wp-json\/wp\/v2\/product_cat?post=17579"},{"taxonomy":"product_tag","embeddable":true,"href":"https:\/\/military-classic-auction.com\/en\/wp-json\/wp\/v2\/product_tag?post=17579"}],"curies":[{"name":"wp","href":"https:\/\/api.w.org\/{rel}","templated":true}]}}