{"id":17578,"date":"2025-04-03T10:55:15","date_gmt":"2025-04-03T08:55:15","guid":{"rendered":"https:\/\/military-classic-auction.com\/?post_type=product&#038;p=17578"},"modified":"2025-04-12T09:05:45","modified_gmt":"2025-04-12T07:05:45","slug":"unsere-reichsmarine-kriegsmarine","status":"publish","type":"product","link":"https:\/\/military-classic-auction.com\/en\/product\/unsere-reichsmarine-kriegsmarine\/","title":{"rendered":"\u00ab\u00a0Unsere Reichsmarine\u00a0\u00bb &#8211; Kriegsmarine"},"content":{"rendered":"<p>\u00ab\u00a0Unsere Reichsmarine\u00a0\u00bb &#8211; Kriegsmarine<br \/>\nAlbum d&rsquo;images \u00e0 collectionner &#8211; kriegsmarine<br \/>\nAnn\u00e9e 1934<br \/>\n\u00c9diteur : Dresden, Jasmatzi Cigarette Factory<br \/>\nFormat : 29 x 29 cm<br \/>\n57 pages<br \/>\n(En l&rsquo;\u00e9tat, usures)<br \/>\n&#8211;<br \/>\n\u00ab\u00a0Unsere Reichsmarine\u00a0\u00bb &#8211; Kriegsmarine<br \/>\nCollectible picture album &#8211; kriegsmarine<br \/>\nYear 1934<br \/>\nPublisher: Dresden, Jasmatzi Cigarette Factory<br \/>\nFormat: 11.4&Prime; x 11.4&Prime;<br \/>\n57 pages<br \/>\n(As is, worn)<\/p>","protected":false},"excerpt":{"rendered":"<p>\u00ab\u00a0Unsere Reichsmarine\u00a0\u00bb &#8211; Kriegsmarine Album d&rsquo;images \u00e0 collectionner &#8211; kriegsmarine Ann\u00e9e 1934 \u00c9diteur : Dresden, Jasmatzi Cigarette Factory Format : 29 x 29 cm 57 pages (En l&rsquo;\u00e9tat, usures) &#8211; \u00ab\u00a0Unsere Reichsmarine\u00a0\u00bb &#8211; Kriegsmarine Collectible picture album &#8211; kriegsmarine Year 1934 Publisher: Dresden, Jasmatzi Cigarette Factory Format: 11.4&Prime; x 11.4&Prime; 57 pages (As is, worn)<\/p>","protected":false},"featured_media":17143,"template":"","meta":[],"product_brand":[],"product_cat":[79],"product_tag":[],"class_list":{"0":"post-17578","1":"product","2":"type-product","3":"status-publish","4":"has-post-thumbnail","6":"product_cat-livres-documents-du-reich","8":"first","9":"instock","10":"sold-individually","11":"purchasable","12":"product-type-auction"},"aioseo_notices":[],"_links":{"self":[{"href":"https:\/\/military-classic-auction.com\/en\/wp-json\/wp\/v2\/product\/17578","targetHints":{"allow":["GET"]}}],"collection":[{"href":"https:\/\/military-classic-auction.com\/en\/wp-json\/wp\/v2\/product"}],"about":[{"href":"https:\/\/military-classic-auction.com\/en\/wp-json\/wp\/v2\/types\/product"}],"wp:featuredmedia":[{"embeddable":true,"href":"https:\/\/military-classic-auction.com\/en\/wp-json\/wp\/v2\/media\/17143"}],"wp:attachment":[{"href":"https:\/\/military-classic-auction.com\/en\/wp-json\/wp\/v2\/media?parent=17578"}],"wp:term":[{"taxonomy":"product_brand","embeddable":true,"href":"https:\/\/military-classic-auction.com\/en\/wp-json\/wp\/v2\/product_brand?post=17578"},{"taxonomy":"product_cat","embeddable":true,"href":"https:\/\/military-classic-auction.com\/en\/wp-json\/wp\/v2\/product_cat?post=17578"},{"taxonomy":"product_tag","embeddable":true,"href":"https:\/\/military-classic-auction.com\/en\/wp-json\/wp\/v2\/product_tag?post=17578"}],"curies":[{"name":"wp","href":"https:\/\/api.w.org\/{rel}","templated":true}]}}