{"id":17576,"date":"2025-04-03T10:55:09","date_gmt":"2025-04-03T08:55:09","guid":{"rendered":"https:\/\/military-classic-auction.com\/?post_type=product&#038;p=17576"},"modified":"2025-04-12T12:01:04","modified_gmt":"2025-04-12T10:01:04","slug":"rare-album-photos-inaugurale-du-berghof-nid-daigle","status":"publish","type":"product","link":"https:\/\/military-classic-auction.com\/en\/product\/rare-album-photos-inaugurale-du-berghof-nid-daigle\/","title":{"rendered":"Rare album photos inaugurale du Berghof &#8211; Nid d&rsquo;aigle"},"content":{"rendered":"<p>Rare album photos inaugurale du Berghof &#8211; Nid d&rsquo;aigle<br \/>\nAlbum en cuir rouge surmont\u00e9 d&rsquo;un aigle en m\u00e9tal dor\u00e9. R\u00e9union de 35 photographies en noir &amp; blanc de la r\u00e9gion de Berchtesgaden et notamment du Berghof, la r\u00e9sidence secondaire d&rsquo;Adolf Hitler construite \u00e0 l&rsquo;occasion des ses 50 ans.<br \/>\nSitu\u00e9e \u00e0 Obersalzberg, quartier de Berchtesgaden, dans les Alpes bavaroises.<br \/>\nExceptionnel \u00e9tat neuf d&rsquo;origine.<br \/>\nAvec son emballage cartonn\u00e9.<br \/>\nFormat : 41,5 x 31 cm<br \/>\n(En l&rsquo;\u00e9tat, usures)<br \/>\n&#8211;<br \/>\nRare Berghof inaugural photo album &#8211; Eagle&rsquo;s nest<br \/>\nRed leather album topped by a gilded metal eagle. A collection of 35 black &amp; white photographs of the Berchtesgaden region, including the Berghof, Adolf Hitler&rsquo;s 50th birthday vacation home.<br \/>\nLocated in Obersalzberg, a district of Berchtesgaden in the Bavarian Alps.<br \/>\nExceptional original mint condition.<br \/>\nWith cardboard packaging.<br \/>\nSize: 16.3&Prime; x 12.2&Prime;<br \/>\n(As is, with wear)<\/p>","protected":false},"excerpt":{"rendered":"<p>Rare album photos inaugurale du Berghof &#8211; Nid d&rsquo;aigle Album en cuir rouge surmont\u00e9 d&rsquo;un aigle en m\u00e9tal dor\u00e9. R\u00e9union de 35 photographies en noir &amp; blanc de la r\u00e9gion de Berchtesgaden et notamment du Berghof, la r\u00e9sidence secondaire d&rsquo;Adolf Hitler construite \u00e0 l&rsquo;occasion des ses 50 ans. Situ\u00e9e \u00e0 Obersalzberg, quartier de Berchtesgaden, dans<a class=\"more-link\" href=\"https:\/\/military-classic-auction.com\/en\/product\/rare-album-photos-inaugurale-du-berghof-nid-daigle\/\">Read more  &#10230;<\/a><\/p>","protected":false},"featured_media":17122,"template":"","meta":[],"product_brand":[],"product_cat":[79],"product_tag":[],"class_list":{"0":"post-17576","1":"product","2":"type-product","3":"status-publish","4":"has-post-thumbnail","6":"product_cat-livres-documents-du-reich","8":"first","9":"instock","10":"sold-individually","11":"purchasable","12":"product-type-auction"},"aioseo_notices":[],"_links":{"self":[{"href":"https:\/\/military-classic-auction.com\/en\/wp-json\/wp\/v2\/product\/17576","targetHints":{"allow":["GET"]}}],"collection":[{"href":"https:\/\/military-classic-auction.com\/en\/wp-json\/wp\/v2\/product"}],"about":[{"href":"https:\/\/military-classic-auction.com\/en\/wp-json\/wp\/v2\/types\/product"}],"wp:featuredmedia":[{"embeddable":true,"href":"https:\/\/military-classic-auction.com\/en\/wp-json\/wp\/v2\/media\/17122"}],"wp:attachment":[{"href":"https:\/\/military-classic-auction.com\/en\/wp-json\/wp\/v2\/media?parent=17576"}],"wp:term":[{"taxonomy":"product_brand","embeddable":true,"href":"https:\/\/military-classic-auction.com\/en\/wp-json\/wp\/v2\/product_brand?post=17576"},{"taxonomy":"product_cat","embeddable":true,"href":"https:\/\/military-classic-auction.com\/en\/wp-json\/wp\/v2\/product_cat?post=17576"},{"taxonomy":"product_tag","embeddable":true,"href":"https:\/\/military-classic-auction.com\/en\/wp-json\/wp\/v2\/product_tag?post=17576"}],"curies":[{"name":"wp","href":"https:\/\/api.w.org\/{rel}","templated":true}]}}