{"id":17575,"date":"2025-04-03T10:55:08","date_gmt":"2025-04-03T08:55:08","guid":{"rendered":"https:\/\/military-classic-auction.com\/?post_type=product&#038;p=17575"},"modified":"2025-04-03T10:55:08","modified_gmt":"2025-04-03T08:55:08","slug":"merkblatt-daf","status":"publish","type":"product","link":"https:\/\/military-classic-auction.com\/en\/product\/merkblatt-daf\/","title":{"rendered":"\u00ab\u00a0Merkblatt\u00a0\u00bb &#8211; DAF"},"content":{"rendered":"<p>\u00ab\u00a0Merkblatt\u00a0\u00bb &#8211; DAF<br \/>\nLivret d&rsquo;adh\u00e9sion au front allemand du travail (Deutsche arbeitsfront)<br \/>\nAnn\u00e9e 1940<br \/>\nFormat : 11 x 15 cm<br \/>\n(En l&rsquo;\u00e9tat, usures, taches)<br \/>\n&#8211;<br \/>\n\u00ab\u00a0Merkblatt\u00a0\u00bb &#8211; DAF<br \/>\nMembership booklet for the German Labor Front (Deutsche arbeitsfront)<br \/>\nYear 1940<br \/>\nFormat: 4.3&Prime; x 5.9&Prime;<br \/>\n(As is, wear, stains)<\/p>","protected":false},"excerpt":{"rendered":"<p>\u00ab\u00a0Merkblatt\u00a0\u00bb &#8211; DAF Livret d&rsquo;adh\u00e9sion au front allemand du travail (Deutsche arbeitsfront) Ann\u00e9e 1940 Format : 11 x 15 cm (En l&rsquo;\u00e9tat, usures, taches) &#8211; \u00ab\u00a0Merkblatt\u00a0\u00bb &#8211; DAF Membership booklet for the German Labor Front (Deutsche arbeitsfront) Year 1940 Format: 4.3&Prime; x 5.9&Prime; (As is, wear, stains)<\/p>","protected":false},"featured_media":17106,"template":"","meta":[],"product_brand":[],"product_cat":[79],"product_tag":[],"class_list":{"0":"post-17575","1":"product","2":"type-product","3":"status-publish","4":"has-post-thumbnail","6":"product_cat-livres-documents-du-reich","8":"first","9":"instock","10":"sold-individually","11":"purchasable","12":"product-type-auction"},"aioseo_notices":[],"_links":{"self":[{"href":"https:\/\/military-classic-auction.com\/en\/wp-json\/wp\/v2\/product\/17575","targetHints":{"allow":["GET"]}}],"collection":[{"href":"https:\/\/military-classic-auction.com\/en\/wp-json\/wp\/v2\/product"}],"about":[{"href":"https:\/\/military-classic-auction.com\/en\/wp-json\/wp\/v2\/types\/product"}],"wp:featuredmedia":[{"embeddable":true,"href":"https:\/\/military-classic-auction.com\/en\/wp-json\/wp\/v2\/media\/17106"}],"wp:attachment":[{"href":"https:\/\/military-classic-auction.com\/en\/wp-json\/wp\/v2\/media?parent=17575"}],"wp:term":[{"taxonomy":"product_brand","embeddable":true,"href":"https:\/\/military-classic-auction.com\/en\/wp-json\/wp\/v2\/product_brand?post=17575"},{"taxonomy":"product_cat","embeddable":true,"href":"https:\/\/military-classic-auction.com\/en\/wp-json\/wp\/v2\/product_cat?post=17575"},{"taxonomy":"product_tag","embeddable":true,"href":"https:\/\/military-classic-auction.com\/en\/wp-json\/wp\/v2\/product_tag?post=17575"}],"curies":[{"name":"wp","href":"https:\/\/api.w.org\/{rel}","templated":true}]}}