{"id":17572,"date":"2025-04-03T10:55:03","date_gmt":"2025-04-03T08:55:03","guid":{"rendered":"https:\/\/military-classic-auction.com\/?post_type=product&#038;p=17572"},"modified":"2025-04-12T12:00:06","modified_gmt":"2025-04-12T10:00:06","slug":"certificat-de-fidelite-du-deutsche-arbeitfront-daf","status":"publish","type":"product","link":"https:\/\/military-classic-auction.com\/en\/product\/certificat-de-fidelite-du-deutsche-arbeitfront-daf\/","title":{"rendered":"Certificat de fid\u00e9lit\u00e9 du Deutsche Arbeitfront (DAF)"},"content":{"rendered":"<p>Certificat de fid\u00e9lit\u00e9 du Deutsche Arbeitfront (DAF)<br \/>\nRare certificat de fid\u00e9lit\u00e9 au parti sign\u00e9 par les hauts dignitaires.<br \/>\nAnn\u00e9e 1936<br \/>\nFormat : 50 x 25 cm<br \/>\n6 pages<br \/>\n(En l&rsquo;\u00e9tat, usures)<br \/>\n&#8211;<br \/>\nDeutsche Arbeitfront (DAF) loyalty certificate<br \/>\nRare certificate of loyalty to the party signed by high dignitaries.<br \/>\nYear 1936<br \/>\nFormat: 19.7&Prime; x 9.8&Prime;<br \/>\n6 pages<br \/>\n(As is, wear)<\/p>","protected":false},"excerpt":{"rendered":"<p>Certificat de fid\u00e9lit\u00e9 du Deutsche Arbeitfront (DAF) Rare certificat de fid\u00e9lit\u00e9 au parti sign\u00e9 par les hauts dignitaires. Ann\u00e9e 1936 Format : 50 x 25 cm 6 pages (En l&rsquo;\u00e9tat, usures) &#8211; Deutsche Arbeitfront (DAF) loyalty certificate Rare certificate of loyalty to the party signed by high dignitaries. Year 1936 Format: 19.7&Prime; x 9.8&Prime; 6<a class=\"more-link\" href=\"https:\/\/military-classic-auction.com\/en\/product\/certificat-de-fidelite-du-deutsche-arbeitfront-daf\/\">Read more  &#10230;<\/a><\/p>","protected":false},"featured_media":17093,"template":"","meta":[],"product_brand":[],"product_cat":[79],"product_tag":[],"class_list":{"0":"post-17572","1":"product","2":"type-product","3":"status-publish","4":"has-post-thumbnail","6":"product_cat-livres-documents-du-reich","8":"first","9":"instock","10":"sold-individually","11":"purchasable","12":"product-type-auction"},"aioseo_notices":[],"_links":{"self":[{"href":"https:\/\/military-classic-auction.com\/en\/wp-json\/wp\/v2\/product\/17572","targetHints":{"allow":["GET"]}}],"collection":[{"href":"https:\/\/military-classic-auction.com\/en\/wp-json\/wp\/v2\/product"}],"about":[{"href":"https:\/\/military-classic-auction.com\/en\/wp-json\/wp\/v2\/types\/product"}],"wp:featuredmedia":[{"embeddable":true,"href":"https:\/\/military-classic-auction.com\/en\/wp-json\/wp\/v2\/media\/17093"}],"wp:attachment":[{"href":"https:\/\/military-classic-auction.com\/en\/wp-json\/wp\/v2\/media?parent=17572"}],"wp:term":[{"taxonomy":"product_brand","embeddable":true,"href":"https:\/\/military-classic-auction.com\/en\/wp-json\/wp\/v2\/product_brand?post=17572"},{"taxonomy":"product_cat","embeddable":true,"href":"https:\/\/military-classic-auction.com\/en\/wp-json\/wp\/v2\/product_cat?post=17572"},{"taxonomy":"product_tag","embeddable":true,"href":"https:\/\/military-classic-auction.com\/en\/wp-json\/wp\/v2\/product_tag?post=17572"}],"curies":[{"name":"wp","href":"https:\/\/api.w.org\/{rel}","templated":true}]}}