{"id":17567,"date":"2025-04-03T10:54:56","date_gmt":"2025-04-03T08:54:56","guid":{"rendered":"https:\/\/military-classic-auction.com\/?post_type=product&#038;p=17567"},"modified":"2025-04-03T10:54:57","modified_gmt":"2025-04-03T08:54:57","slug":"der-staat-der-arbeit-und-des-friedens-rad","status":"publish","type":"product","link":"https:\/\/military-classic-auction.com\/en\/product\/der-staat-der-arbeit-und-des-friedens-rad\/","title":{"rendered":"\u00ab\u00a0Der staat der arbeit und des friedens\u00a0\u00bb &#8211; RAD"},"content":{"rendered":"<p>\u00ab\u00a0Der staat der arbeit und des friedens\u00a0\u00bb &#8211; RAD<br \/>\nAlbum d&rsquo;images \u00e0 collectionner dans les paquets de cigarettes.<br \/>\nReichsarbeitsdienst &#8211; RAD<br \/>\nAnn\u00e9e 1934<br \/>\nFormat : 31,5 x 24 cm<br \/>\n100 pages<br \/>\n(En l&rsquo;\u00e9tat, usures)<br \/>\n&#8211;<br \/>\n\u00ab\u00a0Der staat der arbeit und des friedens\u00a0\u00bb &#8211; RAD<br \/>\nCigarette pack photo album.<br \/>\nReichsarbeitsdienst &#8211; RAD<br \/>\nYear 1934<br \/>\nFormat: 12.4&Prime; x 9.2&Prime;<br \/>\n100 pages<br \/>\n(As is, wear)<\/p>","protected":false},"excerpt":{"rendered":"<p>\u00ab\u00a0Der staat der arbeit und des friedens\u00a0\u00bb &#8211; RAD Album d&rsquo;images \u00e0 collectionner dans les paquets de cigarettes. Reichsarbeitsdienst &#8211; RAD Ann\u00e9e 1934 Format : 31,5 x 24 cm 100 pages (En l&rsquo;\u00e9tat, usures) &#8211; \u00ab\u00a0Der staat der arbeit und des friedens\u00a0\u00bb &#8211; RAD Cigarette pack photo album. Reichsarbeitsdienst &#8211; RAD Year 1934 Format: 12.4&Prime;<a class=\"more-link\" href=\"https:\/\/military-classic-auction.com\/en\/product\/der-staat-der-arbeit-und-des-friedens-rad\/\">Read more  &#10230;<\/a><\/p>","protected":false},"featured_media":17070,"template":"","meta":[],"product_brand":[],"product_cat":[79],"product_tag":[],"class_list":{"0":"post-17567","1":"product","2":"type-product","3":"status-publish","4":"has-post-thumbnail","6":"product_cat-livres-documents-du-reich","8":"first","9":"instock","10":"sold-individually","11":"purchasable","12":"product-type-auction"},"aioseo_notices":[],"_links":{"self":[{"href":"https:\/\/military-classic-auction.com\/en\/wp-json\/wp\/v2\/product\/17567","targetHints":{"allow":["GET"]}}],"collection":[{"href":"https:\/\/military-classic-auction.com\/en\/wp-json\/wp\/v2\/product"}],"about":[{"href":"https:\/\/military-classic-auction.com\/en\/wp-json\/wp\/v2\/types\/product"}],"wp:featuredmedia":[{"embeddable":true,"href":"https:\/\/military-classic-auction.com\/en\/wp-json\/wp\/v2\/media\/17070"}],"wp:attachment":[{"href":"https:\/\/military-classic-auction.com\/en\/wp-json\/wp\/v2\/media?parent=17567"}],"wp:term":[{"taxonomy":"product_brand","embeddable":true,"href":"https:\/\/military-classic-auction.com\/en\/wp-json\/wp\/v2\/product_brand?post=17567"},{"taxonomy":"product_cat","embeddable":true,"href":"https:\/\/military-classic-auction.com\/en\/wp-json\/wp\/v2\/product_cat?post=17567"},{"taxonomy":"product_tag","embeddable":true,"href":"https:\/\/military-classic-auction.com\/en\/wp-json\/wp\/v2\/product_tag?post=17567"}],"curies":[{"name":"wp","href":"https:\/\/api.w.org\/{rel}","templated":true}]}}