{"id":17566,"date":"2025-04-03T10:54:52","date_gmt":"2025-04-03T08:54:52","guid":{"rendered":"https:\/\/military-classic-auction.com\/?post_type=product&#038;p=17566"},"modified":"2025-04-03T10:54:53","modified_gmt":"2025-04-03T08:54:53","slug":"der-zweit-weltkrieg-im-bild-tomes-1-2","status":"publish","type":"product","link":"https:\/\/military-classic-auction.com\/en\/product\/der-zweit-weltkrieg-im-bild-tomes-1-2\/","title":{"rendered":"\u00ab\u00a0Der zweit weltkrieg im bild\u00a0\u00bb &#8211; Tomes 1 &#038; 2"},"content":{"rendered":"<p>\u00ab\u00a0Der zweit weltkrieg im bild\u00a0\u00bb &#8211; Tomes 1 &#038; 2<br \/>\nAlbum d&rsquo;images \u00e0 collectionner sur la seconde guerre mondiale<br \/>\nTome I : De Nuremberg \u00e0 Stalingrad \/ Tome II : De Stalingrad \u00e0 Nuremberg.<br \/>\nProduction apr\u00e8s guerre.<br \/>\nFormat : 31 x23 cm<br \/>\n150 pages<br \/>\n(En l&rsquo;\u00e9tat, usures)<br \/>\n&#8211;<br \/>\n\u00ab\u00a0Der zweit weltkrieg im bild\u00a0\u00bb &#8211; Volumes 1 &#038; 2<br \/>\nCollectible picture album on the Second World War<br \/>\nVolume I: From Nuremberg to Stalingrad \/ Volume II: From Stalingrad to Nuremberg.<br \/>\nPost-war production.<br \/>\nFormat: 12.2&Prime; x 9&Prime;<br \/>\n150 pages<br \/>\n(As is, wear)<\/p>","protected":false},"excerpt":{"rendered":"<p>\u00ab\u00a0Der zweit weltkrieg im bild\u00a0\u00bb &#8211; Tomes 1 &#038; 2 Album d&rsquo;images \u00e0 collectionner sur la seconde guerre mondiale Tome I : De Nuremberg \u00e0 Stalingrad \/ Tome II : De Stalingrad \u00e0 Nuremberg. Production apr\u00e8s guerre. Format : 31 x23 cm 150 pages (En l&rsquo;\u00e9tat, usures) &#8211; \u00ab\u00a0Der zweit weltkrieg im bild\u00a0\u00bb &#8211; Volumes<a class=\"more-link\" href=\"https:\/\/military-classic-auction.com\/en\/product\/der-zweit-weltkrieg-im-bild-tomes-1-2\/\">Read more  &#10230;<\/a><\/p>","protected":false},"featured_media":17061,"template":"","meta":[],"product_brand":[],"product_cat":[79],"product_tag":[],"class_list":{"0":"post-17566","1":"product","2":"type-product","3":"status-publish","4":"has-post-thumbnail","6":"product_cat-livres-documents-du-reich","8":"first","9":"instock","10":"sold-individually","11":"purchasable","12":"product-type-auction"},"aioseo_notices":[],"_links":{"self":[{"href":"https:\/\/military-classic-auction.com\/en\/wp-json\/wp\/v2\/product\/17566","targetHints":{"allow":["GET"]}}],"collection":[{"href":"https:\/\/military-classic-auction.com\/en\/wp-json\/wp\/v2\/product"}],"about":[{"href":"https:\/\/military-classic-auction.com\/en\/wp-json\/wp\/v2\/types\/product"}],"wp:featuredmedia":[{"embeddable":true,"href":"https:\/\/military-classic-auction.com\/en\/wp-json\/wp\/v2\/media\/17061"}],"wp:attachment":[{"href":"https:\/\/military-classic-auction.com\/en\/wp-json\/wp\/v2\/media?parent=17566"}],"wp:term":[{"taxonomy":"product_brand","embeddable":true,"href":"https:\/\/military-classic-auction.com\/en\/wp-json\/wp\/v2\/product_brand?post=17566"},{"taxonomy":"product_cat","embeddable":true,"href":"https:\/\/military-classic-auction.com\/en\/wp-json\/wp\/v2\/product_cat?post=17566"},{"taxonomy":"product_tag","embeddable":true,"href":"https:\/\/military-classic-auction.com\/en\/wp-json\/wp\/v2\/product_tag?post=17566"}],"curies":[{"name":"wp","href":"https:\/\/api.w.org\/{rel}","templated":true}]}}