{"id":17565,"date":"2025-04-03T10:54:51","date_gmt":"2025-04-03T08:54:51","guid":{"rendered":"https:\/\/military-classic-auction.com\/?post_type=product&#038;p=17565"},"modified":"2025-04-03T10:54:52","modified_gmt":"2025-04-03T08:54:52","slug":"die-deutsche-wehrmacht","status":"publish","type":"product","link":"https:\/\/military-classic-auction.com\/en\/product\/die-deutsche-wehrmacht\/","title":{"rendered":"\u00ab\u00a0Die deutsche wehrmacht\u00a0\u00bb"},"content":{"rendered":"<p>\u00ab\u00a0Die deutsche wehrmacht\u00a0\u00bb<br \/>\nAlbum d&rsquo;images \u00e0 collectionner.<br \/>\nVolume d\u00e9coup\u00e9 en trois chapitres consacr\u00e9s aux forces arm\u00e9es du III. Reich : Heer, Kriegsmarine &#038; Luftwaffe<br \/>\nAnn\u00e9e 1936<br \/>\nFormat : 33 x 26 cm<br \/>\n88 pages<br \/>\n(En l&rsquo;\u00e9tat, usures)<br \/>\n&#8211;<br \/>\n\u00ab\u00a0Die deutsche wehrmacht\u00a0\u00bb (The German Wehrmacht)<br \/>\nCollectable picture album.<br \/>\nVolume divided into three chapters devoted to the armed forces of the III. Reich: Heer, Kriegsmarine &#038; Luftwaffe<br \/>\nYear 1936<br \/>\nFormat: 13&Prime; x 10.2&Prime;<br \/>\n88 pages<br \/>\n(As is, with wear)<\/p>","protected":false},"excerpt":{"rendered":"<p>\u00ab\u00a0Die deutsche wehrmacht\u00a0\u00bb Album d&rsquo;images \u00e0 collectionner. Volume d\u00e9coup\u00e9 en trois chapitres consacr\u00e9s aux forces arm\u00e9es du III. Reich : Heer, Kriegsmarine &#038; Luftwaffe Ann\u00e9e 1936 Format : 33 x 26 cm 88 pages (En l&rsquo;\u00e9tat, usures) &#8211; \u00ab\u00a0Die deutsche wehrmacht\u00a0\u00bb (The German Wehrmacht) Collectable picture album. Volume divided into three chapters devoted to the<a class=\"more-link\" href=\"https:\/\/military-classic-auction.com\/en\/product\/die-deutsche-wehrmacht\/\">Read more  &#10230;<\/a><\/p>","protected":false},"featured_media":17051,"template":"","meta":[],"product_brand":[],"product_cat":[79],"product_tag":[],"class_list":{"0":"post-17565","1":"product","2":"type-product","3":"status-publish","4":"has-post-thumbnail","6":"product_cat-livres-documents-du-reich","8":"first","9":"instock","10":"sold-individually","11":"purchasable","12":"product-type-auction"},"aioseo_notices":[],"_links":{"self":[{"href":"https:\/\/military-classic-auction.com\/en\/wp-json\/wp\/v2\/product\/17565","targetHints":{"allow":["GET"]}}],"collection":[{"href":"https:\/\/military-classic-auction.com\/en\/wp-json\/wp\/v2\/product"}],"about":[{"href":"https:\/\/military-classic-auction.com\/en\/wp-json\/wp\/v2\/types\/product"}],"wp:featuredmedia":[{"embeddable":true,"href":"https:\/\/military-classic-auction.com\/en\/wp-json\/wp\/v2\/media\/17051"}],"wp:attachment":[{"href":"https:\/\/military-classic-auction.com\/en\/wp-json\/wp\/v2\/media?parent=17565"}],"wp:term":[{"taxonomy":"product_brand","embeddable":true,"href":"https:\/\/military-classic-auction.com\/en\/wp-json\/wp\/v2\/product_brand?post=17565"},{"taxonomy":"product_cat","embeddable":true,"href":"https:\/\/military-classic-auction.com\/en\/wp-json\/wp\/v2\/product_cat?post=17565"},{"taxonomy":"product_tag","embeddable":true,"href":"https:\/\/military-classic-auction.com\/en\/wp-json\/wp\/v2\/product_tag?post=17565"}],"curies":[{"name":"wp","href":"https:\/\/api.w.org\/{rel}","templated":true}]}}