{"id":17564,"date":"2025-04-03T10:54:50","date_gmt":"2025-04-03T08:54:50","guid":{"rendered":"https:\/\/military-classic-auction.com\/?post_type=product&#038;p=17564"},"modified":"2025-04-03T10:54:51","modified_gmt":"2025-04-03T08:54:51","slug":"unser-fuhrer-hitler","status":"publish","type":"product","link":"https:\/\/military-classic-auction.com\/en\/product\/unser-fuhrer-hitler\/","title":{"rendered":"\u00ab\u00a0Unser f\u00fchrer Hitler\u00a0\u00bb"},"content":{"rendered":"<p>\u00ab\u00a0Unser f\u00fchrer Hitler\u00a0\u00bb<br \/>\n\u00c9dition sp\u00e9ciale du journal \u00ab\u00a0Illustrierter beobachter\u00a0\u00bb \u00e0 l&rsquo;occasion des 50 ans d&rsquo;Adolf Hitler.<br \/>\n\u00c9dition : Franz Eher nachfolger Munich<br \/>\nDat\u00e9 20 avril 1939<br \/>\nFormat : 37 x 26 cm<br \/>\n128 pages<br \/>\n(En l&rsquo;\u00e9tat, usures)<br \/>\n&#8211;<br \/>\n\u00ab\u00a0Unser f\u00fchrer Hitler\u00a0\u00bb<br \/>\nSpecial edition of the \u00ab\u00a0Illustrierter beobachter\u00a0\u00bb newspaper to mark Adolf Hitler&rsquo;s 50th birthday.<br \/>\nPublisher: Franz Eher nachfolger Munich<br \/>\nDated April 20, 1939<br \/>\nFormat: 14.5&Prime; x 10.2&Prime;<br \/>\n128 pages<br \/>\n(As is, worn)<\/p>","protected":false},"excerpt":{"rendered":"<p>\u00ab\u00a0Unser f\u00fchrer Hitler\u00a0\u00bb \u00c9dition sp\u00e9ciale du journal \u00ab\u00a0Illustrierter beobachter\u00a0\u00bb \u00e0 l&rsquo;occasion des 50 ans d&rsquo;Adolf Hitler. \u00c9dition : Franz Eher nachfolger Munich Dat\u00e9 20 avril 1939 Format : 37 x 26 cm 128 pages (En l&rsquo;\u00e9tat, usures) &#8211; \u00ab\u00a0Unser f\u00fchrer Hitler\u00a0\u00bb Special edition of the \u00ab\u00a0Illustrierter beobachter\u00a0\u00bb newspaper to mark Adolf Hitler&rsquo;s 50th birthday. Publisher:<a class=\"more-link\" href=\"https:\/\/military-classic-auction.com\/en\/product\/unser-fuhrer-hitler\/\">Read more  &#10230;<\/a><\/p>","protected":false},"featured_media":17042,"template":"","meta":[],"product_brand":[],"product_cat":[79],"product_tag":[],"class_list":{"0":"post-17564","1":"product","2":"type-product","3":"status-publish","4":"has-post-thumbnail","6":"product_cat-livres-documents-du-reich","8":"first","9":"instock","10":"sold-individually","11":"purchasable","12":"product-type-auction"},"aioseo_notices":[],"_links":{"self":[{"href":"https:\/\/military-classic-auction.com\/en\/wp-json\/wp\/v2\/product\/17564","targetHints":{"allow":["GET"]}}],"collection":[{"href":"https:\/\/military-classic-auction.com\/en\/wp-json\/wp\/v2\/product"}],"about":[{"href":"https:\/\/military-classic-auction.com\/en\/wp-json\/wp\/v2\/types\/product"}],"wp:featuredmedia":[{"embeddable":true,"href":"https:\/\/military-classic-auction.com\/en\/wp-json\/wp\/v2\/media\/17042"}],"wp:attachment":[{"href":"https:\/\/military-classic-auction.com\/en\/wp-json\/wp\/v2\/media?parent=17564"}],"wp:term":[{"taxonomy":"product_brand","embeddable":true,"href":"https:\/\/military-classic-auction.com\/en\/wp-json\/wp\/v2\/product_brand?post=17564"},{"taxonomy":"product_cat","embeddable":true,"href":"https:\/\/military-classic-auction.com\/en\/wp-json\/wp\/v2\/product_cat?post=17564"},{"taxonomy":"product_tag","embeddable":true,"href":"https:\/\/military-classic-auction.com\/en\/wp-json\/wp\/v2\/product_tag?post=17564"}],"curies":[{"name":"wp","href":"https:\/\/api.w.org\/{rel}","templated":true}]}}