{"id":17563,"date":"2025-04-03T10:54:49","date_gmt":"2025-04-03T08:54:49","guid":{"rendered":"https:\/\/military-classic-auction.com\/?post_type=product&#038;p=17563"},"modified":"2025-04-12T11:52:09","modified_gmt":"2025-04-12T09:52:09","slug":"livre-de-propagande-adolf-hitler-2","status":"publish","type":"product","link":"https:\/\/military-classic-auction.com\/en\/product\/livre-de-propagande-adolf-hitler-2\/","title":{"rendered":"Livre de propagande \u00ab\u00a0Adolf Hitler\u00a0\u00bb"},"content":{"rendered":"<p>Livre de propagande \u00ab\u00a0Adolf Hitler\u00a0\u00bb<br \/>\nAlbum d&rsquo;images \u00e0 collectionner.<br \/>\nAvec son \u00e9tui cartonn\u00e9 &#038; sans jaquette papier.<br \/>\nAnn\u00e9e 1936<br \/>\n\u00c9diteur : Cigaretten-Bilderdienst, Hambourg<br \/>\nFormat : 31.5cm x 24cm<br \/>\n133 pages<br \/>\n(En l&rsquo;\u00e9tat, usures, accrocs)<br \/>\n&#8211;<br \/>\n\u00ab\u00a0Adolf Hitler\u00a0\u00bb propaganda book<br \/>\nCollectable picture album.<br \/>\nWith cardboard case &#038; without paper jacket.<br \/>\nYear 1936<br \/>\nPublisher: Cigaretten-Bilderdienst, Hamburg<br \/>\nFormat: 12.4&Prime; x 9.4&Prime;<br \/>\n133 pages<br \/>\n(As is, wear, tears)<\/p>","protected":false},"excerpt":{"rendered":"<p>Livre de propagande \u00ab\u00a0Adolf Hitler\u00a0\u00bb Album d&rsquo;images \u00e0 collectionner. Avec son \u00e9tui cartonn\u00e9 &#038; sans jaquette papier. Ann\u00e9e 1936 \u00c9diteur : Cigaretten-Bilderdienst, Hambourg Format : 31.5cm x 24cm 133 pages (En l&rsquo;\u00e9tat, usures, accrocs) &#8211; \u00ab\u00a0Adolf Hitler\u00a0\u00bb propaganda book Collectable picture album. With cardboard case &#038; without paper jacket. Year 1936 Publisher: Cigaretten-Bilderdienst, Hamburg Format:<a class=\"more-link\" href=\"https:\/\/military-classic-auction.com\/en\/product\/livre-de-propagande-adolf-hitler-2\/\">Read more  &#10230;<\/a><\/p>","protected":false},"featured_media":17033,"template":"","meta":[],"product_brand":[],"product_cat":[79],"product_tag":[],"class_list":{"0":"post-17563","1":"product","2":"type-product","3":"status-publish","4":"has-post-thumbnail","6":"product_cat-livres-documents-du-reich","8":"first","9":"instock","10":"sold-individually","11":"purchasable","12":"product-type-auction"},"aioseo_notices":[],"_links":{"self":[{"href":"https:\/\/military-classic-auction.com\/en\/wp-json\/wp\/v2\/product\/17563","targetHints":{"allow":["GET"]}}],"collection":[{"href":"https:\/\/military-classic-auction.com\/en\/wp-json\/wp\/v2\/product"}],"about":[{"href":"https:\/\/military-classic-auction.com\/en\/wp-json\/wp\/v2\/types\/product"}],"wp:featuredmedia":[{"embeddable":true,"href":"https:\/\/military-classic-auction.com\/en\/wp-json\/wp\/v2\/media\/17033"}],"wp:attachment":[{"href":"https:\/\/military-classic-auction.com\/en\/wp-json\/wp\/v2\/media?parent=17563"}],"wp:term":[{"taxonomy":"product_brand","embeddable":true,"href":"https:\/\/military-classic-auction.com\/en\/wp-json\/wp\/v2\/product_brand?post=17563"},{"taxonomy":"product_cat","embeddable":true,"href":"https:\/\/military-classic-auction.com\/en\/wp-json\/wp\/v2\/product_cat?post=17563"},{"taxonomy":"product_tag","embeddable":true,"href":"https:\/\/military-classic-auction.com\/en\/wp-json\/wp\/v2\/product_tag?post=17563"}],"curies":[{"name":"wp","href":"https:\/\/api.w.org\/{rel}","templated":true}]}}