{"id":17562,"date":"2025-04-03T10:54:47","date_gmt":"2025-04-03T08:54:47","guid":{"rendered":"https:\/\/military-classic-auction.com\/?post_type=product&#038;p=17562"},"modified":"2025-04-03T10:54:48","modified_gmt":"2025-04-03T08:54:48","slug":"kampf-ums-dritte-reich","status":"publish","type":"product","link":"https:\/\/military-classic-auction.com\/en\/product\/kampf-ums-dritte-reich\/","title":{"rendered":"\u00ab\u00a0Kampf um&rsquo;s dritte reich\u00a0\u00bb"},"content":{"rendered":"<p>\u00ab\u00a0Kampf um&rsquo;s dritte reich\u00a0\u00bb<br \/>\nAlbum d&rsquo;images \u00e0 collectionner dans les paquets de cigarettes.<br \/>\nNombreuses photos couleurs, titre imprim\u00e9 en relief.<br \/>\nAnn\u00e9e 1933<br \/>\nFormat : 32 x 24 cm<br \/>\n92 pages<br \/>\n(En l&rsquo;\u00e9tat, usures)<br \/>\n&#8211;<br \/>\n\u00ab\u00a0Kampf um&rsquo;s dritte reich\u00a0\u00bb.<br \/>\nImage album to collect in cigarette packs.<br \/>\nNumerous color photos, embossed title.<br \/>\nYear 1933<br \/>\nFormat: 12.6&Prime; x 9.4&Prime;<br \/>\n92 pages<br \/>\n(As is, with wear)<\/p>","protected":false},"excerpt":{"rendered":"<p>\u00ab\u00a0Kampf um&rsquo;s dritte reich\u00a0\u00bb Album d&rsquo;images \u00e0 collectionner dans les paquets de cigarettes. Nombreuses photos couleurs, titre imprim\u00e9 en relief. Ann\u00e9e 1933 Format : 32 x 24 cm 92 pages (En l&rsquo;\u00e9tat, usures) &#8211; \u00ab\u00a0Kampf um&rsquo;s dritte reich\u00a0\u00bb. Image album to collect in cigarette packs. Numerous color photos, embossed title. Year 1933 Format: 12.6&Prime; x<a class=\"more-link\" href=\"https:\/\/military-classic-auction.com\/en\/product\/kampf-ums-dritte-reich\/\">Read more  &#10230;<\/a><\/p>","protected":false},"featured_media":17026,"template":"","meta":[],"product_brand":[],"product_cat":[79],"product_tag":[],"class_list":{"0":"post-17562","1":"product","2":"type-product","3":"status-publish","4":"has-post-thumbnail","6":"product_cat-livres-documents-du-reich","8":"first","9":"instock","10":"sold-individually","11":"purchasable","12":"product-type-auction"},"aioseo_notices":[],"_links":{"self":[{"href":"https:\/\/military-classic-auction.com\/en\/wp-json\/wp\/v2\/product\/17562","targetHints":{"allow":["GET"]}}],"collection":[{"href":"https:\/\/military-classic-auction.com\/en\/wp-json\/wp\/v2\/product"}],"about":[{"href":"https:\/\/military-classic-auction.com\/en\/wp-json\/wp\/v2\/types\/product"}],"wp:featuredmedia":[{"embeddable":true,"href":"https:\/\/military-classic-auction.com\/en\/wp-json\/wp\/v2\/media\/17026"}],"wp:attachment":[{"href":"https:\/\/military-classic-auction.com\/en\/wp-json\/wp\/v2\/media?parent=17562"}],"wp:term":[{"taxonomy":"product_brand","embeddable":true,"href":"https:\/\/military-classic-auction.com\/en\/wp-json\/wp\/v2\/product_brand?post=17562"},{"taxonomy":"product_cat","embeddable":true,"href":"https:\/\/military-classic-auction.com\/en\/wp-json\/wp\/v2\/product_cat?post=17562"},{"taxonomy":"product_tag","embeddable":true,"href":"https:\/\/military-classic-auction.com\/en\/wp-json\/wp\/v2\/product_tag?post=17562"}],"curies":[{"name":"wp","href":"https:\/\/api.w.org\/{rel}","templated":true}]}}