{"id":17561,"date":"2025-04-03T10:54:46","date_gmt":"2025-04-03T08:54:46","guid":{"rendered":"https:\/\/military-classic-auction.com\/?post_type=product&#038;p=17561"},"modified":"2025-04-12T11:48:18","modified_gmt":"2025-04-12T09:48:18","slug":"deutschland-erwacht-nsdap","status":"publish","type":"product","link":"https:\/\/military-classic-auction.com\/en\/product\/deutschland-erwacht-nsdap\/","title":{"rendered":"\u00ab\u00a0Deutschland Erwacht\u00a0\u00bb &#8211; NSDAP"},"content":{"rendered":"<p>\u00ab\u00a0Deutschland Erwacht\u00a0\u00bb &#8211; NSDAP<br \/>\nOuvrage sign\u00e9 en page 8. Traces d&rsquo;encres au verso de la signature.<br \/>\nSignature sans garantie d&rsquo;authenticit\u00e9.<br \/>\nLivre d&rsquo;images sur le NSDAP de 1933<br \/>\nPhoto panoramique de 130cm en derni\u00e8re page<br \/>\nFormat : 31,5 x 25 cm<br \/>\n(En l&rsquo;\u00e9tat, usures)<br \/>\n&#8211;<br \/>\n\u00ab\u00a0Deutschland Erwacht\u00a0\u00bb &#8211; NSDAP<br \/>\nBook signed on page 8. Traces of ink on verso of signature.<br \/>\nSignature without guarantee of authenticity.<br \/>\nPicture book on the NSDAP in 1933<br \/>\n130cm panoramic photo on last page<br \/>\nFormat: 12.4&Prime; x 9.8&Prime;<br \/>\n(As is, wear)<\/p>","protected":false},"excerpt":{"rendered":"<p>\u00ab\u00a0Deutschland Erwacht\u00a0\u00bb &#8211; NSDAP Ouvrage sign\u00e9 en page 8. Traces d&rsquo;encres au verso de la signature. Signature sans garantie d&rsquo;authenticit\u00e9. Livre d&rsquo;images sur le NSDAP de 1933 Photo panoramique de 130cm en derni\u00e8re page Format : 31,5 x 25 cm (En l&rsquo;\u00e9tat, usures) &#8211; \u00ab\u00a0Deutschland Erwacht\u00a0\u00bb &#8211; NSDAP Book signed on page 8. Traces of<a class=\"more-link\" href=\"https:\/\/military-classic-auction.com\/en\/product\/deutschland-erwacht-nsdap\/\">Read more  &#10230;<\/a><\/p>","protected":false},"featured_media":17020,"template":"","meta":[],"product_brand":[],"product_cat":[79],"product_tag":[],"class_list":{"0":"post-17561","1":"product","2":"type-product","3":"status-publish","4":"has-post-thumbnail","6":"product_cat-livres-documents-du-reich","8":"first","9":"instock","10":"sold-individually","11":"purchasable","12":"product-type-auction"},"aioseo_notices":[],"_links":{"self":[{"href":"https:\/\/military-classic-auction.com\/en\/wp-json\/wp\/v2\/product\/17561","targetHints":{"allow":["GET"]}}],"collection":[{"href":"https:\/\/military-classic-auction.com\/en\/wp-json\/wp\/v2\/product"}],"about":[{"href":"https:\/\/military-classic-auction.com\/en\/wp-json\/wp\/v2\/types\/product"}],"wp:featuredmedia":[{"embeddable":true,"href":"https:\/\/military-classic-auction.com\/en\/wp-json\/wp\/v2\/media\/17020"}],"wp:attachment":[{"href":"https:\/\/military-classic-auction.com\/en\/wp-json\/wp\/v2\/media?parent=17561"}],"wp:term":[{"taxonomy":"product_brand","embeddable":true,"href":"https:\/\/military-classic-auction.com\/en\/wp-json\/wp\/v2\/product_brand?post=17561"},{"taxonomy":"product_cat","embeddable":true,"href":"https:\/\/military-classic-auction.com\/en\/wp-json\/wp\/v2\/product_cat?post=17561"},{"taxonomy":"product_tag","embeddable":true,"href":"https:\/\/military-classic-auction.com\/en\/wp-json\/wp\/v2\/product_tag?post=17561"}],"curies":[{"name":"wp","href":"https:\/\/api.w.org\/{rel}","templated":true}]}}