{"id":17560,"date":"2025-04-03T10:54:44","date_gmt":"2025-04-03T08:54:44","guid":{"rendered":"https:\/\/military-classic-auction.com\/?post_type=product&#038;p=17560"},"modified":"2025-04-03T10:54:46","modified_gmt":"2025-04-03T08:54:46","slug":"deutsche-fuhrer-deutsches-schicksal","status":"publish","type":"product","link":"https:\/\/military-classic-auction.com\/en\/product\/deutsche-fuhrer-deutsches-schicksal\/","title":{"rendered":"\u00ab\u00a0Deutsche F\u00fchrer Deutsches Schicksal\u00a0\u00bb"},"content":{"rendered":"<p>\u00ab\u00a0Deutsche F\u00fchrer Deutsches Schicksal\u00a0\u00bb<br \/>\nLivre sur les leaders allemands et leurs destin\u00e9s.<br \/>\nAnn\u00e9e 1934<br \/>\nFormat : 31 x 24 cm<br \/>\n407 pages &#8211; 200 photos<br \/>\n(En l&rsquo;\u00e9tat, usures)<br \/>\n&#8211;<br \/>\n\u00ab\u00a0Deutsche F\u00fchrer Deutsches Schicksal\u00a0\u00bb<br \/>\nBook about German leaders and their destinies.<br \/>\nYear 1934<br \/>\nFormat: 12,2&Prime; x 9.4&Prime;<br \/>\n407 pages &#8211; 200 photos<br \/>\n(As is, with wear)<\/p>","protected":false},"excerpt":{"rendered":"<p>\u00ab\u00a0Deutsche F\u00fchrer Deutsches Schicksal\u00a0\u00bb Livre sur les leaders allemands et leurs destin\u00e9s. Ann\u00e9e 1934 Format : 31 x 24 cm 407 pages &#8211; 200 photos (En l&rsquo;\u00e9tat, usures) &#8211; \u00ab\u00a0Deutsche F\u00fchrer Deutsches Schicksal\u00a0\u00bb Book about German leaders and their destinies. Year 1934 Format: 12,2&Prime; x 9.4&Prime; 407 pages &#8211; 200 photos (As is, with wear)<\/p>","protected":false},"featured_media":17003,"template":"","meta":[],"product_brand":[],"product_cat":[79],"product_tag":[],"class_list":{"0":"post-17560","1":"product","2":"type-product","3":"status-publish","4":"has-post-thumbnail","6":"product_cat-livres-documents-du-reich","8":"first","9":"instock","10":"sold-individually","11":"purchasable","12":"product-type-auction"},"aioseo_notices":[],"_links":{"self":[{"href":"https:\/\/military-classic-auction.com\/en\/wp-json\/wp\/v2\/product\/17560","targetHints":{"allow":["GET"]}}],"collection":[{"href":"https:\/\/military-classic-auction.com\/en\/wp-json\/wp\/v2\/product"}],"about":[{"href":"https:\/\/military-classic-auction.com\/en\/wp-json\/wp\/v2\/types\/product"}],"wp:featuredmedia":[{"embeddable":true,"href":"https:\/\/military-classic-auction.com\/en\/wp-json\/wp\/v2\/media\/17003"}],"wp:attachment":[{"href":"https:\/\/military-classic-auction.com\/en\/wp-json\/wp\/v2\/media?parent=17560"}],"wp:term":[{"taxonomy":"product_brand","embeddable":true,"href":"https:\/\/military-classic-auction.com\/en\/wp-json\/wp\/v2\/product_brand?post=17560"},{"taxonomy":"product_cat","embeddable":true,"href":"https:\/\/military-classic-auction.com\/en\/wp-json\/wp\/v2\/product_cat?post=17560"},{"taxonomy":"product_tag","embeddable":true,"href":"https:\/\/military-classic-auction.com\/en\/wp-json\/wp\/v2\/product_tag?post=17560"}],"curies":[{"name":"wp","href":"https:\/\/api.w.org\/{rel}","templated":true}]}}