{"id":17559,"date":"2025-04-03T10:54:43","date_gmt":"2025-04-03T08:54:43","guid":{"rendered":"https:\/\/military-classic-auction.com\/?post_type=product&#038;p=17559"},"modified":"2025-04-03T10:54:44","modified_gmt":"2025-04-03T08:54:44","slug":"reichstagung-in-nurnberg-1933","status":"publish","type":"product","link":"https:\/\/military-classic-auction.com\/en\/product\/reichstagung-in-nurnberg-1933\/","title":{"rendered":"\u00ab\u00a0Reichstagung in N\u00fcrnberg &#8211; 1933\u00a0\u00bb"},"content":{"rendered":"<p>\u00ab\u00a0Reichstagung in N\u00fcrnberg &#8211; 1933\u00a0\u00bb<br \/>\nLivre sur Nuremberg.<br \/>\nAvec son \u00e9tui cartonn\u00e9 dat\u00e9 1933.<br \/>\nAnn\u00e9e 1933<br \/>\nFormat : 29,5 x 23,5 cm<br \/>\n260 pages<br \/>\n(En l&rsquo;\u00e9tat, usures, taches)<br \/>\n&#8211;<br \/>\n\u00ab\u00a0Reichstagung in N\u00fcrnberg &#8211; 1933\u00a0\u00bb.<br \/>\nBook about Nuremberg.<br \/>\nWith its cardboard case dated 1933.<br \/>\nYear 1933<br \/>\nFormat: 11,6&Prime; x 9.2&Prime;<br \/>\n260 pages<br \/>\n(As is, wear, stains)<\/p>","protected":false},"excerpt":{"rendered":"<p>\u00ab\u00a0Reichstagung in N\u00fcrnberg &#8211; 1933\u00a0\u00bb Livre sur Nuremberg. Avec son \u00e9tui cartonn\u00e9 dat\u00e9 1933. Ann\u00e9e 1933 Format : 29,5 x 23,5 cm 260 pages (En l&rsquo;\u00e9tat, usures, taches) &#8211; \u00ab\u00a0Reichstagung in N\u00fcrnberg &#8211; 1933\u00a0\u00bb. Book about Nuremberg. With its cardboard case dated 1933. Year 1933 Format: 11,6&Prime; x 9.2&Prime; 260 pages (As is, wear, stains)<\/p>","protected":false},"featured_media":16993,"template":"","meta":[],"product_brand":[],"product_cat":[79],"product_tag":[],"class_list":{"0":"post-17559","1":"product","2":"type-product","3":"status-publish","4":"has-post-thumbnail","6":"product_cat-livres-documents-du-reich","8":"first","9":"instock","10":"sold-individually","11":"purchasable","12":"product-type-auction"},"aioseo_notices":[],"_links":{"self":[{"href":"https:\/\/military-classic-auction.com\/en\/wp-json\/wp\/v2\/product\/17559","targetHints":{"allow":["GET"]}}],"collection":[{"href":"https:\/\/military-classic-auction.com\/en\/wp-json\/wp\/v2\/product"}],"about":[{"href":"https:\/\/military-classic-auction.com\/en\/wp-json\/wp\/v2\/types\/product"}],"wp:featuredmedia":[{"embeddable":true,"href":"https:\/\/military-classic-auction.com\/en\/wp-json\/wp\/v2\/media\/16993"}],"wp:attachment":[{"href":"https:\/\/military-classic-auction.com\/en\/wp-json\/wp\/v2\/media?parent=17559"}],"wp:term":[{"taxonomy":"product_brand","embeddable":true,"href":"https:\/\/military-classic-auction.com\/en\/wp-json\/wp\/v2\/product_brand?post=17559"},{"taxonomy":"product_cat","embeddable":true,"href":"https:\/\/military-classic-auction.com\/en\/wp-json\/wp\/v2\/product_cat?post=17559"},{"taxonomy":"product_tag","embeddable":true,"href":"https:\/\/military-classic-auction.com\/en\/wp-json\/wp\/v2\/product_tag?post=17559"}],"curies":[{"name":"wp","href":"https:\/\/api.w.org\/{rel}","templated":true}]}}